{"id":281,"date":"2024-10-23T11:38:00","date_gmt":"2024-10-23T09:38:00","guid":{"rendered":"https:\/\/barfal.it\/mobilier\/"},"modified":"2024-11-07T12:38:42","modified_gmt":"2024-11-07T11:38:42","slug":"mobilier","status":"publish","type":"page","link":"https:\/\/barfal.it\/fr\/mobilier\/","title":{"rendered":"Mobilier"},"content":{"rendered":"\t\t<div data-elementor-type=\"wp-page\" data-elementor-id=\"281\" class=\"elementor elementor-281 elementor-159\" data-elementor-post-type=\"page\">\n\t\t\t\t<div class=\"elementor-element elementor-element-b828f5a e-flex e-con-boxed e-con e-parent\" data-id=\"b828f5a\" data-element_type=\"container\" data-e-type=\"container\">\n\t\t\t\t\t<div class=\"e-con-inner\">\n\t\t<div class=\"elementor-element elementor-element-8612d3b e-con-full e-flex e-con e-child\" data-id=\"8612d3b\" data-element_type=\"container\" data-e-type=\"container\">\n\t\t\t\t<div class=\"elementor-element elementor-element-9832694 elementor-widget elementor-widget-heading\" data-id=\"9832694\" data-element_type=\"widget\" data-e-type=\"widget\" data-widget_type=\"heading.default\">\n\t\t\t\t<div class=\"elementor-widget-container\">\n\t\t\t\t\t<h1 class=\"elementor-heading-title elementor-size-default\">Mobilier<\/h1>\t\t\t\t<\/div>\n\t\t\t\t<\/div>\n\t\t\t\t<div class=\"elementor-element elementor-element-2d1fce6 elementor-widget elementor-widget-text-editor\" data-id=\"2d1fce6\" data-element_type=\"widget\" data-e-type=\"widget\" data-widget_type=\"text-editor.default\">\n\t\t\t\t<div class=\"elementor-widget-container\">\n\t\t\t\t\t\t\t\t\t<p>Chez BARFAL SRL, l&rsquo;ameublement est une composante essentielle de la construction, de l&rsquo;industrie et des bureaux. Qu&rsquo;il s&rsquo;agisse de construction neuve ou de r\u00e9novation, de grands ou de petits projets, notre savoir-faire s&rsquo;exprime sur tous les types de chantiers. <\/p>\n<p>BARFAL propose des solutions innovantes et fonctionnelles qui s&rsquo;int\u00e8grent parfaitement dans tous les environnements.<\/p>\n<p>Nous sommes l\u00e0 pour vous accompagner \u00e0 chaque \u00e9tape de votre projet, jusqu&rsquo;\u00e0 l&rsquo;installation sur site. Notre mission est de veiller \u00e0 ce que toutes vos attentes soient satisfaites avec pr\u00e9cision et qualit\u00e9. <\/p>\n<p>Jetez un coup d&rsquo;\u0153il \u00e0 nos travaux et trouvez l&rsquo;inspiration pour votre projet !<\/p>\n\t\t\t\t\t\t\t\t<\/div>\n\t\t\t\t<\/div>\n\t\t\t\t<\/div>\n\t\t<div class=\"elementor-element elementor-element-9559424 e-con-full e-flex e-con e-child\" data-id=\"9559424\" data-element_type=\"container\" data-e-type=\"container\">\n\t\t\t\t<div class=\"elementor-element elementor-element-b274b41 elementor-widget elementor-widget-gallery\" data-id=\"b274b41\" data-element_type=\"widget\" data-e-type=\"widget\" data-settings=\"{&quot;columns&quot;:2,&quot;gallery_layout&quot;:&quot;grid&quot;,&quot;columns_tablet&quot;:2,&quot;columns_mobile&quot;:1,&quot;gap&quot;:{&quot;unit&quot;:&quot;px&quot;,&quot;size&quot;:10,&quot;sizes&quot;:[]},&quot;gap_tablet&quot;:{&quot;unit&quot;:&quot;px&quot;,&quot;size&quot;:10,&quot;sizes&quot;:[]},&quot;gap_mobile&quot;:{&quot;unit&quot;:&quot;px&quot;,&quot;size&quot;:10,&quot;sizes&quot;:[]},&quot;link_to&quot;:&quot;file&quot;,&quot;aspect_ratio&quot;:&quot;3:2&quot;,&quot;overlay_background&quot;:&quot;yes&quot;,&quot;content_hover_animation&quot;:&quot;fade-in&quot;}\" data-widget_type=\"gallery.default\">\n\t\t\t\t<div class=\"elementor-widget-container\">\n\t\t\t\t\t\t\t<div class=\"elementor-gallery__container\">\n\t\t\t\t\t\t\t<a class=\"e-gallery-item elementor-gallery-item elementor-animated-content\" href=\"https:\/\/barfal.it\/wp-content\/uploads\/2024\/11\/Arredamenti-3.jpg\" data-elementor-open-lightbox=\"yes\" data-elementor-lightbox-slideshow=\"b274b41\" data-elementor-lightbox-title=\"Arredamenti\" data-e-action-hash=\"#elementor-action%3Aaction%3Dlightbox%26settings%3DeyJpZCI6OTc2LCJ1cmwiOiJodHRwczpcL1wvYmFyZmFsLml0XC93cC1jb250ZW50XC91cGxvYWRzXC8yMDI0XC8xMVwvQXJyZWRhbWVudGktMy5qcGciLCJzbGlkZXNob3ciOiJiMjc0YjQxIn0%3D\">\n\t\t\t\t\t<div class=\"e-gallery-image elementor-gallery-item__image\" data-thumbnail=\"https:\/\/barfal.it\/wp-content\/uploads\/2024\/11\/Arredamenti-3.jpg\" data-width=\"1920\" data-height=\"1280\" aria-label=\"\" role=\"img\" ><\/div>\n\t\t\t\t\t\t\t\t\t\t\t<div class=\"elementor-gallery-item__overlay\"><\/div>\n\t\t\t\t\t\t\t\t\t\t\t\t\t\t<\/a>\n\t\t\t\t\t\t\t<a class=\"e-gallery-item elementor-gallery-item elementor-animated-content\" href=\"https:\/\/barfal.it\/wp-content\/uploads\/2024\/11\/Arredamenti-4.jpg\" data-elementor-open-lightbox=\"yes\" data-elementor-lightbox-slideshow=\"b274b41\" data-elementor-lightbox-title=\"Arredamenti\" data-e-action-hash=\"#elementor-action%3Aaction%3Dlightbox%26settings%3DeyJpZCI6OTc5LCJ1cmwiOiJodHRwczpcL1wvYmFyZmFsLml0XC93cC1jb250ZW50XC91cGxvYWRzXC8yMDI0XC8xMVwvQXJyZWRhbWVudGktNC5qcGciLCJzbGlkZXNob3ciOiJiMjc0YjQxIn0%3D\">\n\t\t\t\t\t<div class=\"e-gallery-image elementor-gallery-item__image\" data-thumbnail=\"https:\/\/barfal.it\/wp-content\/uploads\/2024\/11\/Arredamenti-4.jpg\" data-width=\"1920\" data-height=\"1177\" aria-label=\"\" role=\"img\" ><\/div>\n\t\t\t\t\t\t\t\t\t\t\t<div class=\"elementor-gallery-item__overlay\"><\/div>\n\t\t\t\t\t\t\t\t\t\t\t\t\t\t<\/a>\n\t\t\t\t\t\t\t<a class=\"e-gallery-item elementor-gallery-item elementor-animated-content\" href=\"https:\/\/barfal.it\/wp-content\/uploads\/2024\/11\/Arredamenti-1.jpg\" data-elementor-open-lightbox=\"yes\" data-elementor-lightbox-slideshow=\"b274b41\" data-elementor-lightbox-title=\"Arredamenti\" data-e-action-hash=\"#elementor-action%3Aaction%3Dlightbox%26settings%3DeyJpZCI6OTcwLCJ1cmwiOiJodHRwczpcL1wvYmFyZmFsLml0XC93cC1jb250ZW50XC91cGxvYWRzXC8yMDI0XC8xMVwvQXJyZWRhbWVudGktMS5qcGciLCJzbGlkZXNob3ciOiJiMjc0YjQxIn0%3D\">\n\t\t\t\t\t<div class=\"e-gallery-image elementor-gallery-item__image\" data-thumbnail=\"https:\/\/barfal.it\/wp-content\/uploads\/2024\/11\/Arredamenti-1.jpg\" data-width=\"1614\" data-height=\"1920\" aria-label=\"\" role=\"img\" ><\/div>\n\t\t\t\t\t\t\t\t\t\t\t<div class=\"elementor-gallery-item__overlay\"><\/div>\n\t\t\t\t\t\t\t\t\t\t\t\t\t\t<\/a>\n\t\t\t\t\t\t\t<a class=\"e-gallery-item elementor-gallery-item elementor-animated-content\" href=\"https:\/\/barfal.it\/wp-content\/uploads\/2024\/11\/Arredamenti-2.jpg\" data-elementor-open-lightbox=\"yes\" data-elementor-lightbox-slideshow=\"b274b41\" data-elementor-lightbox-title=\"Arredamenti\" data-e-action-hash=\"#elementor-action%3Aaction%3Dlightbox%26settings%3DeyJpZCI6OTczLCJ1cmwiOiJodHRwczpcL1wvYmFyZmFsLml0XC93cC1jb250ZW50XC91cGxvYWRzXC8yMDI0XC8xMVwvQXJyZWRhbWVudGktMi5qcGciLCJzbGlkZXNob3ciOiJiMjc0YjQxIn0%3D\">\n\t\t\t\t\t<div class=\"e-gallery-image elementor-gallery-item__image\" data-thumbnail=\"https:\/\/barfal.it\/wp-content\/uploads\/2024\/11\/Arredamenti-2.jpg\" data-width=\"1920\" data-height=\"1278\" aria-label=\"\" role=\"img\" ><\/div>\n\t\t\t\t\t\t\t\t\t\t\t<div class=\"elementor-gallery-item__overlay\"><\/div>\n\t\t\t\t\t\t\t\t\t\t\t\t\t\t<\/a>\n\t\t\t\t\t<\/div>\n\t\t\t\t\t<\/div>\n\t\t\t\t<\/div>\n\t\t\t\t<\/div>\n\t\t\t\t\t<\/div>\n\t\t\t\t<\/div>\n\t\t\t\t<\/div>\n\t\t","protected":false},"excerpt":{"rendered":"<p>Chez BARFAL SRL, l&rsquo;ameublement est une composante essentielle de la construction, de l&rsquo;industrie et des bureaux. Qu&rsquo;il s&rsquo;agisse de construction neuve ou de r\u00e9novation, de grands ou de petits projets, notre savoir-faire s&rsquo;exprime sur tous les types de chantiers. BARFAL propose des solutions innovantes et fonctionnelles qui s&rsquo;int\u00e8grent parfaitement dans tous les environnements. Nous sommes [&hellip;]<\/p>\n","protected":false},"author":1,"featured_media":0,"parent":0,"menu_order":0,"comment_status":"closed","ping_status":"closed","template":"","meta":{"footnotes":""},"class_list":["post-281","page","type-page","status-publish","hentry"],"_links":{"self":[{"href":"https:\/\/barfal.it\/fr\/wp-json\/wp\/v2\/pages\/281","targetHints":{"allow":["GET"]}}],"collection":[{"href":"https:\/\/barfal.it\/fr\/wp-json\/wp\/v2\/pages"}],"about":[{"href":"https:\/\/barfal.it\/fr\/wp-json\/wp\/v2\/types\/page"}],"author":[{"embeddable":true,"href":"https:\/\/barfal.it\/fr\/wp-json\/wp\/v2\/users\/1"}],"replies":[{"embeddable":true,"href":"https:\/\/barfal.it\/fr\/wp-json\/wp\/v2\/comments?post=281"}],"version-history":[{"count":3,"href":"https:\/\/barfal.it\/fr\/wp-json\/wp\/v2\/pages\/281\/revisions"}],"predecessor-version":[{"id":999,"href":"https:\/\/barfal.it\/fr\/wp-json\/wp\/v2\/pages\/281\/revisions\/999"}],"wp:attachment":[{"href":"https:\/\/barfal.it\/fr\/wp-json\/wp\/v2\/media?parent=281"}],"curies":[{"name":"wp","href":"https:\/\/api.w.org\/{rel}","templated":true}]}}