{"id":285,"date":"2024-10-23T11:33:51","date_gmt":"2024-10-23T09:33:51","guid":{"rendered":"https:\/\/barfal.it\/fibrociment\/"},"modified":"2024-11-06T15:13:13","modified_gmt":"2024-11-06T14:13:13","slug":"fibrociment","status":"publish","type":"page","link":"https:\/\/barfal.it\/fr\/fibrociment\/","title":{"rendered":"Fibrociment"},"content":{"rendered":"\t\t<div data-elementor-type=\"wp-page\" data-elementor-id=\"285\" class=\"elementor elementor-285 elementor-126\" data-elementor-post-type=\"page\">\n\t\t\t\t<div class=\"elementor-element elementor-element-e1efd18 e-flex e-con-boxed e-con e-parent\" data-id=\"e1efd18\" data-element_type=\"container\" data-e-type=\"container\">\n\t\t\t\t\t<div class=\"e-con-inner\">\n\t\t<div class=\"elementor-element elementor-element-7ed9962 e-con-full e-flex e-con e-child\" data-id=\"7ed9962\" data-element_type=\"container\" data-e-type=\"container\">\n\t\t\t\t<div class=\"elementor-element elementor-element-d3ee649 elementor-widget elementor-widget-heading\" data-id=\"d3ee649\" data-element_type=\"widget\" data-e-type=\"widget\" data-widget_type=\"heading.default\">\n\t\t\t\t<div class=\"elementor-widget-container\">\n\t\t\t\t\t<h1 class=\"elementor-heading-title elementor-size-default\">Fibrociment<\/h1>\t\t\t\t<\/div>\n\t\t\t\t<\/div>\n\t\t\t\t<div class=\"elementor-element elementor-element-1a75b56 elementor-widget elementor-widget-text-editor\" data-id=\"1a75b56\" data-element_type=\"widget\" data-e-type=\"widget\" data-widget_type=\"text-editor.default\">\n\t\t\t\t<div class=\"elementor-widget-container\">\n\t\t\t\t\t\t\t\t\t<p>LARGEUR : de 600 \u00e0 1250 mm LONGUEUR : de 2400 \u00e0 3200 mm \u00c9PAISSEUR : de 4,5 \u00e0 18 mm DENSIT\u00c9 : 1350-1450 kg\/m3 Panneaux sur mesure sur demande<\/p>\n<p><strong>Panneau en fibrociment<\/strong><\/p>\n<p>Le panneau en fibrociment est compos\u00e9 d&rsquo;un noyau r\u00e9sistant de ciment Portland, de sable de silice, de fibres cellulosiques et d&rsquo;autres additifs qui lui conf\u00e8rent une grande r\u00e9sistance au feu, \u00e0 l&rsquo;humidit\u00e9 et aux conditions climatiques.<\/p>\n<p>Le fibrociment est le support id\u00e9al pour les murs ext\u00e9rieurs dans les syst\u00e8mes ventil\u00e9s ou \u00e0 humidit\u00e9 contr\u00f4l\u00e9e (application directe), ainsi que pour les travaux de fa\u00e7ade, les applications de plafonds ext\u00e9rieurs et les syst\u00e8mes de rev\u00eatement de sol.<\/p>\n<p>Le fibrociment est un panneau robuste et incombustible, offrant tous les avantages d&rsquo;un syst\u00e8me de panneaux secs avec une solidit\u00e9 et une r\u00e9sistance accrues aux conditions climatiques difficiles.<\/p>\n<p>Le panneau en fibres-ciment est disponible dans une vari\u00e9t\u00e9 de designs et de tailles qui peuvent \u00eatre utilis\u00e9s pour r\u00e9pondre aux exigences de la fa\u00e7ade pour les surfaces int\u00e9rieures ou ext\u00e9rieures.<\/p>\n<p>Le panneau en fibres-ciment est un panneau en b\u00e9ton \u00e0 haute performance utilis\u00e9 comme :<\/p>\n<ul>\n<li>Planchers r\u00e9sistants au feu et \u00e0 l&rsquo;humidit\u00e9 pos\u00e9s sur des cadres m\u00e9talliques<\/li>\n<li>Cloisons de s\u00e9paration r\u00e9sistantes au feu et \u00e0 l&rsquo;humidit\u00e9 avec ossature m\u00e9tallique<\/li>\n<li>Plafonds suspendus \u00e0 ossature m\u00e9tallique r\u00e9sistants au feu et \u00e0 l&rsquo;humidit\u00e9<\/li>\n<li>Rev\u00eatements et contre-cloisons r\u00e9sistants au feu et \u00e0 l&rsquo;humidit\u00e9<\/li>\n<li>Murs de cages d&rsquo;escalier r\u00e9sistants au feu<\/li>\n<\/ul>\n<p>Il peut \u00e9galement \u00eatre utilis\u00e9 pour des applications ext\u00e9rieures sur les murs et les plafonds en tant que syst\u00e8me \u00e9tanche ou ventil\u00e9 et dans des syst\u00e8mes d&rsquo;isolation composites.<\/p>\n<p>Caract\u00e9ristiques principales :<\/p>\n<ul>\n<li>Construction l\u00e9g\u00e8re<\/li>\n<li>Application facile, rapide et s\u00e8che<\/li>\n<li>Bonne performance en mati\u00e8re d&rsquo;isolation acoustique<\/li>\n<li>Haute r\u00e9sistance au feu et \u00e0 l&rsquo;humidit\u00e9<\/li>\n<li>Alternative \u00e0 la brique<\/li>\n<li>R\u00e9sistant aux intemp\u00e9ries et \u00e0 l&rsquo;eau<\/li>\n<li>Incombustible<\/li>\n<li>Grande durabilit\u00e9<\/li>\n<li>Peut \u00eatre utilis\u00e9 dans l&rsquo;industrie du meuble \u00e0 la place du contreplaqu\u00e9<\/li>\n<li>Simple et facile \u00e0 installer<\/li>\n<li>\u00c9cologique<\/li>\n<li>Options de conception illimit\u00e9es<\/li>\n<\/ul>\n\t\t\t\t\t\t\t\t<\/div>\n\t\t\t\t<\/div>\n\t\t\t\t<\/div>\n\t\t<div class=\"elementor-element elementor-element-6f49f14 e-con-full e-flex e-con e-child\" data-id=\"6f49f14\" data-element_type=\"container\" data-e-type=\"container\">\n\t\t\t\t<div class=\"elementor-element elementor-element-69f33c3 elementor-widget elementor-widget-gallery\" data-id=\"69f33c3\" data-element_type=\"widget\" data-e-type=\"widget\" data-settings=\"{&quot;columns&quot;:2,&quot;gallery_layout&quot;:&quot;grid&quot;,&quot;columns_tablet&quot;:2,&quot;columns_mobile&quot;:1,&quot;gap&quot;:{&quot;unit&quot;:&quot;px&quot;,&quot;size&quot;:10,&quot;sizes&quot;:[]},&quot;gap_tablet&quot;:{&quot;unit&quot;:&quot;px&quot;,&quot;size&quot;:10,&quot;sizes&quot;:[]},&quot;gap_mobile&quot;:{&quot;unit&quot;:&quot;px&quot;,&quot;size&quot;:10,&quot;sizes&quot;:[]},&quot;link_to&quot;:&quot;file&quot;,&quot;aspect_ratio&quot;:&quot;3:2&quot;,&quot;overlay_background&quot;:&quot;yes&quot;,&quot;content_hover_animation&quot;:&quot;fade-in&quot;}\" data-widget_type=\"gallery.default\">\n\t\t\t\t<div class=\"elementor-widget-container\">\n\t\t\t\t\t\t\t<div class=\"elementor-gallery__container\">\n\t\t\t\t\t\t\t<a class=\"e-gallery-item elementor-gallery-item elementor-animated-content\" href=\"https:\/\/barfal.it\/wp-content\/uploads\/2024\/11\/Fibrocemento-1.jpg\" data-elementor-open-lightbox=\"yes\" data-elementor-lightbox-slideshow=\"69f33c3\" data-elementor-lightbox-title=\"Fibrocemento\" data-e-action-hash=\"#elementor-action%3Aaction%3Dlightbox%26settings%3DeyJpZCI6ODMyLCJ1cmwiOiJodHRwczpcL1wvYmFyZmFsLml0XC93cC1jb250ZW50XC91cGxvYWRzXC8yMDI0XC8xMVwvRmlicm9jZW1lbnRvLTEuanBnIiwic2xpZGVzaG93IjoiNjlmMzNjMyJ9\">\n\t\t\t\t\t<div class=\"e-gallery-image elementor-gallery-item__image\" data-thumbnail=\"https:\/\/barfal.it\/wp-content\/uploads\/2024\/11\/Fibrocemento-1.jpg\" data-width=\"1920\" data-height=\"1280\" aria-label=\"\" role=\"img\" ><\/div>\n\t\t\t\t\t\t\t\t\t\t\t<div class=\"elementor-gallery-item__overlay\"><\/div>\n\t\t\t\t\t\t\t\t\t\t\t\t\t\t<\/a>\n\t\t\t\t\t\t\t<a class=\"e-gallery-item elementor-gallery-item elementor-animated-content\" href=\"https:\/\/barfal.it\/wp-content\/uploads\/2024\/11\/Fibrocemento-2.jpg\" data-elementor-open-lightbox=\"yes\" data-elementor-lightbox-slideshow=\"69f33c3\" data-elementor-lightbox-title=\"Fibrocemento\" data-e-action-hash=\"#elementor-action%3Aaction%3Dlightbox%26settings%3DeyJpZCI6ODM1LCJ1cmwiOiJodHRwczpcL1wvYmFyZmFsLml0XC93cC1jb250ZW50XC91cGxvYWRzXC8yMDI0XC8xMVwvRmlicm9jZW1lbnRvLTIuanBnIiwic2xpZGVzaG93IjoiNjlmMzNjMyJ9\">\n\t\t\t\t\t<div class=\"e-gallery-image elementor-gallery-item__image\" data-thumbnail=\"https:\/\/barfal.it\/wp-content\/uploads\/2024\/11\/Fibrocemento-2.jpg\" data-width=\"1920\" data-height=\"1280\" aria-label=\"\" role=\"img\" ><\/div>\n\t\t\t\t\t\t\t\t\t\t\t<div class=\"elementor-gallery-item__overlay\"><\/div>\n\t\t\t\t\t\t\t\t\t\t\t\t\t\t<\/a>\n\t\t\t\t\t<\/div>\n\t\t\t\t\t<\/div>\n\t\t\t\t<\/div>\n\t\t\t\t<\/div>\n\t\t\t\t\t<\/div>\n\t\t\t\t<\/div>\n\t\t\t\t<\/div>\n\t\t","protected":false},"excerpt":{"rendered":"<p>LARGEUR : de 600 \u00e0 1250 mm LONGUEUR : de 2400 \u00e0 3200 mm \u00c9PAISSEUR : de 4,5 \u00e0 18 mm DENSIT\u00c9 : 1350-1450 kg\/m3 Panneaux sur mesure sur demande Panneau en fibrociment Le panneau en fibrociment est compos\u00e9 d&rsquo;un noyau r\u00e9sistant de ciment Portland, de sable de silice, de fibres cellulosiques et d&rsquo;autres additifs [&hellip;]<\/p>\n","protected":false},"author":1,"featured_media":0,"parent":0,"menu_order":0,"comment_status":"closed","ping_status":"closed","template":"","meta":{"footnotes":""},"class_list":["post-285","page","type-page","status-publish","hentry"],"_links":{"self":[{"href":"https:\/\/barfal.it\/fr\/wp-json\/wp\/v2\/pages\/285","targetHints":{"allow":["GET"]}}],"collection":[{"href":"https:\/\/barfal.it\/fr\/wp-json\/wp\/v2\/pages"}],"about":[{"href":"https:\/\/barfal.it\/fr\/wp-json\/wp\/v2\/types\/page"}],"author":[{"embeddable":true,"href":"https:\/\/barfal.it\/fr\/wp-json\/wp\/v2\/users\/1"}],"replies":[{"embeddable":true,"href":"https:\/\/barfal.it\/fr\/wp-json\/wp\/v2\/comments?post=285"}],"version-history":[{"count":3,"href":"https:\/\/barfal.it\/fr\/wp-json\/wp\/v2\/pages\/285\/revisions"}],"predecessor-version":[{"id":871,"href":"https:\/\/barfal.it\/fr\/wp-json\/wp\/v2\/pages\/285\/revisions\/871"}],"wp:attachment":[{"href":"https:\/\/barfal.it\/fr\/wp-json\/wp\/v2\/media?parent=285"}],"curies":[{"name":"wp","href":"https:\/\/api.w.org\/{rel}","templated":true}]}}