{"id":310,"date":"2024-10-23T10:26:48","date_gmt":"2024-10-23T08:26:48","guid":{"rendered":"https:\/\/barfal.it\/home\/"},"modified":"2024-11-07T16:39:31","modified_gmt":"2024-11-07T15:39:31","slug":"home","status":"publish","type":"page","link":"https:\/\/barfal.it\/fr\/","title":{"rendered":"Home"},"content":{"rendered":"\t\t<div data-elementor-type=\"wp-page\" data-elementor-id=\"310\" class=\"elementor elementor-310 elementor-54\" data-elementor-post-type=\"page\">\n\t\t\t\t<div class=\"elementor-element elementor-element-8b83625 e-flex e-con-boxed e-con e-parent\" data-id=\"8b83625\" data-element_type=\"container\" data-e-type=\"container\" data-settings=\"{&quot;background_background&quot;:&quot;slideshow&quot;,&quot;background_slideshow_gallery&quot;:[{&quot;id&quot;:1013,&quot;url&quot;:&quot;https:\\\/\\\/barfal.it\\\/wp-content\\\/uploads\\\/2024\\\/11\\\/Barfal-Home-1.jpg&quot;},{&quot;id&quot;:1016,&quot;url&quot;:&quot;https:\\\/\\\/barfal.it\\\/wp-content\\\/uploads\\\/2024\\\/11\\\/Barfal-Home-2.jpg&quot;},{&quot;id&quot;:1022,&quot;url&quot;:&quot;https:\\\/\\\/barfal.it\\\/wp-content\\\/uploads\\\/2024\\\/11\\\/Barfal-Home-4.jpg&quot;},{&quot;id&quot;:1019,&quot;url&quot;:&quot;https:\\\/\\\/barfal.it\\\/wp-content\\\/uploads\\\/2024\\\/11\\\/Barfal-Home-3.jpg&quot;}],&quot;background_slideshow_loop&quot;:&quot;yes&quot;,&quot;background_slideshow_slide_duration&quot;:5000,&quot;background_slideshow_slide_transition&quot;:&quot;fade&quot;,&quot;background_slideshow_transition_duration&quot;:500}\">\n\t\t\t\t\t<div class=\"e-con-inner\">\n\t\t<div class=\"elementor-element elementor-element-e25a533 e-con-full e-flex e-con e-child\" data-id=\"e25a533\" data-element_type=\"container\" data-e-type=\"container\" data-settings=\"{&quot;background_background&quot;:&quot;classic&quot;,&quot;background_motion_fx_translateY_effect&quot;:&quot;yes&quot;,&quot;background_motion_fx_translateY_direction&quot;:&quot;negative&quot;,&quot;background_motion_fx_translateY_speed&quot;:{&quot;unit&quot;:&quot;px&quot;,&quot;size&quot;:&quot;2.5&quot;,&quot;sizes&quot;:[]},&quot;background_motion_fx_motion_fx_scrolling&quot;:&quot;yes&quot;,&quot;background_motion_fx_translateY_affectedRange&quot;:{&quot;unit&quot;:&quot;%&quot;,&quot;size&quot;:&quot;&quot;,&quot;sizes&quot;:{&quot;start&quot;:0,&quot;end&quot;:100}},&quot;background_motion_fx_devices&quot;:[&quot;desktop&quot;,&quot;tablet&quot;,&quot;mobile&quot;]}\">\n\t\t\t\t<div class=\"elementor-element elementor-element-5aa1cc6 elementor-widget elementor-widget-heading\" data-id=\"5aa1cc6\" data-element_type=\"widget\" data-e-type=\"widget\" data-widget_type=\"heading.default\">\n\t\t\t\t<div class=\"elementor-widget-container\">\n\t\t\t\t\t<h1 class=\"elementor-heading-title elementor-size-default\">Barfal<\/h1>\t\t\t\t<\/div>\n\t\t\t\t<\/div>\n\t\t\t\t<div class=\"elementor-element elementor-element-7ae12b8 elementor-widget elementor-widget-heading\" data-id=\"7ae12b8\" data-element_type=\"widget\" data-e-type=\"widget\" data-widget_type=\"heading.default\">\n\t\t\t\t<div class=\"elementor-widget-container\">\n\t\t\t\t\t<h2 class=\"elementor-heading-title elementor-size-default\">Excellence dans les Mat\u00e9riaux, Passion dans le Service<\/h2>\t\t\t\t<\/div>\n\t\t\t\t<\/div>\n\t\t\t\t<\/div>\n\t\t\t\t\t<\/div>\n\t\t\t\t<\/div>\n\t\t<div class=\"elementor-element elementor-element-847f1b5 e-flex e-con-boxed e-con e-parent\" data-id=\"847f1b5\" data-element_type=\"container\" data-e-type=\"container\" id=\"servizi\" data-settings=\"{&quot;background_background&quot;:&quot;classic&quot;}\">\n\t\t\t\t\t<div class=\"e-con-inner\">\n\t\t<div class=\"elementor-element elementor-element-a54fa70 e-con-full e-flex e-con e-child\" data-id=\"a54fa70\" data-element_type=\"container\" data-e-type=\"container\">\n\t\t\t\t<div class=\"elementor-element elementor-element-977bd16 elementor-widget elementor-widget-heading\" data-id=\"977bd16\" data-element_type=\"widget\" data-e-type=\"widget\" data-widget_type=\"heading.default\">\n\t\t\t\t<div class=\"elementor-widget-container\">\n\t\t\t\t\t<h2 class=\"elementor-heading-title elementor-size-default\">\u00c0 propos de nous<\/h2>\t\t\t\t<\/div>\n\t\t\t\t<\/div>\n\t\t\t\t<div class=\"elementor-element elementor-element-283d043 elementor-widget elementor-widget-text-editor\" data-id=\"283d043\" data-element_type=\"widget\" data-e-type=\"widget\" data-widget_type=\"text-editor.default\">\n\t\t\t\t<div class=\"elementor-widget-container\">\n\t\t\t\t\t\t\t\t\t<p>Bienvenue chez <strong>BARFAL SRL<\/strong>, la nouvelle fronti\u00e8re de la construction l\u00e9g\u00e8re pr\u00e9fabriqu\u00e9e et en plein air.<\/p>\n<p>Notre entreprise est le fruit de la passion et de l&rsquo;innovation de deux jeunes professionnels, pr\u00eats \u00e0 transformer le march\u00e9 avec des solutions d&rsquo;avant-garde. Chez BARFAL SRL, nous fournissons des composants et des solutions de haute qualit\u00e9 pour la construction pr\u00e9fabriqu\u00e9e. <\/p>\n<p>Nous nous adressons aux fabricants de caissons pr\u00e9fabriqu\u00e9s, de mobil-homes et de cellules de salle de bains pr\u00e9fabriqu\u00e9es, ainsi qu&rsquo;\u00e0 tous les acteurs du secteur de la construction.<\/p>\n<p>Notre mission est d&rsquo;accompagner nos clients avec des produits polyvalents et personnalis\u00e9s, les aidant \u00e0 cr\u00e9er des projets r\u00e9ussis dans tous les domaines de la construction.<\/p>\n<p>Chez BARFAL SRL, nous proposons un large assortiment de mat\u00e9riaux de haute qualit\u00e9, notamment:<\/p>\n<ul>\n<li><strong>Panneaux<\/strong>: panneaux de particules, contreplaqu\u00e9s, bois-ciment et fibres-ciment<\/li>\n<li><strong>Rouleaux de PVC<\/strong>: diff\u00e9rents types, tailles et couleurs<\/li>\n<li><strong>Mobilier<\/strong>: solutions pour espaces modulaires et pr\u00e9fabriqu\u00e9s<\/li>\n<li><strong>Solutions \u00e9nerg\u00e9tiques<\/strong> : panneaux photovolta\u00efques d\u00e9j\u00e0 assembl\u00e9s et c\u00e2bl\u00e9s pr\u00eats \u00e0 \u00eatre utilis\u00e9s. Il peut \u00eatre mont\u00e9 rapidement et facilement sur n&rsquo;importe quel conteneur <\/li>\n<\/ul>\n<p>Chez BARFAL nous sommes l\u00e0 pour vous accompagner \u00e0 chaque \u00e9tape de votre projet. Si vous avez besoin de mat\u00e9riel sp\u00e9cifique, notre \u00e9quipe est pr\u00eate \u00e0 rechercher et \u00e0 fournir tout type de mat\u00e9riel dont vous avez besoin. Votre vision est notre mission !  <\/p>\n<p>Notre force r\u00e9side dans notre capacit\u00e9 \u00e0 proposer \u00e0 la fois des produits disponibles dans nos entrep\u00f4ts et centres logistiques situ\u00e9s partout en Europe, et des solutions sur mesure con\u00e7ues pour r\u00e9pondre aux besoins sp\u00e9cifiques de nos clients.<\/p>\n<p>Chez BARFAL SRL, nous pensons que le service client est au c\u0153ur de notre activit\u00e9. Nous nous engageons \u00e0 construire des relations solides et durables, en soutenant nos partenaires \u00e0 chaque \u00e9tape de leur parcours et en garantissant des r\u00e9ponses rapides et des solutions efficaces. <\/p>\n<p>Avec une exp\u00e9dition rapide et fiable en Italie et \u00e0 l&rsquo;\u00e9tranger, nous sommes l\u00e0 pour vous accompagner dans votre voyage vers l&rsquo;excellence.<\/p>\n<p><strong>\u00ab\u00a0Excellence dans les mat\u00e9riaux, passion dans le service\u00a0\u00bb<\/strong><\/p>\n\t\t\t\t\t\t\t\t<\/div>\n\t\t\t\t<\/div>\n\t\t\t\t<\/div>\n\t\t\t\t\t<\/div>\n\t\t\t\t<\/div>\n\t\t<div class=\"elementor-element elementor-element-8426da5 e-flex e-con-boxed e-con e-parent\" data-id=\"8426da5\" data-element_type=\"container\" data-e-type=\"container\" data-settings=\"{&quot;background_background&quot;:&quot;classic&quot;}\">\n\t\t\t\t\t<div class=\"e-con-inner\">\n\t\t<div class=\"elementor-element elementor-element-555cc07 e-con-full e-flex e-con e-child\" data-id=\"555cc07\" data-element_type=\"container\" data-e-type=\"container\">\n\t\t\t\t<div class=\"elementor-element elementor-element-7f5db15 elementor-widget elementor-widget-heading\" data-id=\"7f5db15\" data-element_type=\"widget\" data-e-type=\"widget\" data-widget_type=\"heading.default\">\n\t\t\t\t<div class=\"elementor-widget-container\">\n\t\t\t\t\t<h2 class=\"elementor-heading-title elementor-size-default\">Services<\/h2>\t\t\t\t<\/div>\n\t\t\t\t<\/div>\n\t\t\t\t<div class=\"elementor-element elementor-element-039e0e5 elementor-widget elementor-widget-text-editor\" data-id=\"039e0e5\" data-element_type=\"widget\" data-e-type=\"widget\" data-widget_type=\"text-editor.default\">\n\t\t\t\t<div class=\"elementor-widget-container\">\n\t\t\t\t\t\t\t\t\t<p>Barfal propose des solutions innovantes et fonctionnelles qui s&rsquo;int\u00e8grent parfaitement dans n&rsquo;importe quel environnement.<\/p>\n\t\t\t\t\t\t\t\t<\/div>\n\t\t\t\t<\/div>\n\t\t<div class=\"elementor-element elementor-element-479bda5 e-grid e-con-full e-con e-child\" data-id=\"479bda5\" data-element_type=\"container\" data-e-type=\"container\">\n\t\t\t\t<div class=\"elementor-element elementor-element-b1bf043 elementor-position-left elementor-vertical-align-top elementor-widget elementor-widget-image-box\" data-id=\"b1bf043\" data-element_type=\"widget\" data-e-type=\"widget\" data-widget_type=\"image-box.default\">\n\t\t\t\t<div class=\"elementor-widget-container\">\n\t\t\t\t\t<div class=\"elementor-image-box-wrapper\"><figure class=\"elementor-image-box-img\"><img fetchpriority=\"high\" decoding=\"async\" width=\"512\" height=\"512\" src=\"https:\/\/barfal.it\/wp-content\/uploads\/2024\/11\/pvc.png\" class=\"attachment-full size-full wp-image-539\" alt=\"\" srcset=\"https:\/\/barfal.it\/wp-content\/uploads\/2024\/11\/pvc.png 512w, https:\/\/barfal.it\/wp-content\/uploads\/2024\/11\/pvc-300x300.png 300w, https:\/\/barfal.it\/wp-content\/uploads\/2024\/11\/pvc-150x150.png 150w\" sizes=\"(max-width: 512px) 100vw, 512px\" \/><\/figure><div class=\"elementor-image-box-content\"><h3 class=\"elementor-image-box-title\">Rouleaux de PVC<\/h3><p class=\"elementor-image-box-description\">Tout le PVC dont vous avez besoin : diff\u00e9rents types, tailles et couleurs<\/p><\/div><\/div>\t\t\t\t<\/div>\n\t\t\t\t<\/div>\n\t\t\t\t<div class=\"elementor-element elementor-element-100da40 elementor-position-left elementor-vertical-align-top elementor-widget elementor-widget-image-box\" data-id=\"100da40\" data-element_type=\"widget\" data-e-type=\"widget\" data-widget_type=\"image-box.default\">\n\t\t\t\t<div class=\"elementor-widget-container\">\n\t\t\t\t\t<div class=\"elementor-image-box-wrapper\"><figure class=\"elementor-image-box-img\"><img decoding=\"async\" width=\"512\" height=\"512\" src=\"https:\/\/barfal.it\/wp-content\/uploads\/2024\/11\/Pannelli.png\" class=\"attachment-full size-full wp-image-548\" alt=\"\" srcset=\"https:\/\/barfal.it\/wp-content\/uploads\/2024\/11\/Pannelli.png 512w, https:\/\/barfal.it\/wp-content\/uploads\/2024\/11\/Pannelli-300x300.png 300w, https:\/\/barfal.it\/wp-content\/uploads\/2024\/11\/Pannelli-150x150.png 150w\" sizes=\"(max-width: 512px) 100vw, 512px\" \/><\/figure><div class=\"elementor-image-box-content\"><h3 class=\"elementor-image-box-title\">Panneaux<\/h3><p class=\"elementor-image-box-description\">Panneaux de particules, contreplaqu\u00e9s, bois-ciment et fibrociment<\/p><\/div><\/div>\t\t\t\t<\/div>\n\t\t\t\t<\/div>\n\t\t\t\t<div class=\"elementor-element elementor-element-172b2ef elementor-position-left elementor-vertical-align-top elementor-widget elementor-widget-image-box\" data-id=\"172b2ef\" data-element_type=\"widget\" data-e-type=\"widget\" data-widget_type=\"image-box.default\">\n\t\t\t\t<div class=\"elementor-widget-container\">\n\t\t\t\t\t<div class=\"elementor-image-box-wrapper\"><figure class=\"elementor-image-box-img\"><img decoding=\"async\" width=\"512\" height=\"512\" src=\"https:\/\/barfal.it\/wp-content\/uploads\/2024\/11\/Arredamenti.png\" class=\"attachment-full size-full wp-image-557\" alt=\"\" srcset=\"https:\/\/barfal.it\/wp-content\/uploads\/2024\/11\/Arredamenti.png 512w, https:\/\/barfal.it\/wp-content\/uploads\/2024\/11\/Arredamenti-300x300.png 300w, https:\/\/barfal.it\/wp-content\/uploads\/2024\/11\/Arredamenti-150x150.png 150w\" sizes=\"(max-width: 512px) 100vw, 512px\" \/><\/figure><div class=\"elementor-image-box-content\"><h3 class=\"elementor-image-box-title\">Mobilier<\/h3><p class=\"elementor-image-box-description\">Solutions pour espaces modulaires et pr\u00e9fabriqu\u00e9s<\/p><\/div><\/div>\t\t\t\t<\/div>\n\t\t\t\t<\/div>\n\t\t\t\t<div class=\"elementor-element elementor-element-fe147bb elementor-position-left elementor-vertical-align-top elementor-widget elementor-widget-image-box\" data-id=\"fe147bb\" data-element_type=\"widget\" data-e-type=\"widget\" data-widget_type=\"image-box.default\">\n\t\t\t\t<div class=\"elementor-widget-container\">\n\t\t\t\t\t<div class=\"elementor-image-box-wrapper\"><figure class=\"elementor-image-box-img\"><img loading=\"lazy\" decoding=\"async\" width=\"512\" height=\"512\" src=\"https:\/\/barfal.it\/wp-content\/uploads\/2024\/11\/Altre-soluzioni.png\" class=\"attachment-full size-full wp-image-566\" alt=\"\" srcset=\"https:\/\/barfal.it\/wp-content\/uploads\/2024\/11\/Altre-soluzioni.png 512w, https:\/\/barfal.it\/wp-content\/uploads\/2024\/11\/Altre-soluzioni-300x300.png 300w, https:\/\/barfal.it\/wp-content\/uploads\/2024\/11\/Altre-soluzioni-150x150.png 150w\" sizes=\"(max-width: 512px) 100vw, 512px\" \/><\/figure><div class=\"elementor-image-box-content\"><h3 class=\"elementor-image-box-title\">Autres solutions<\/h3><p class=\"elementor-image-box-description\">Panneaux photovolta\u00efques, batteries et bien plus encore<\/p><\/div><\/div>\t\t\t\t<\/div>\n\t\t\t\t<\/div>\n\t\t\t\t<\/div>\n\t\t\t\t<\/div>\n\t\t\t\t\t<\/div>\n\t\t\t\t<\/div>\n\t\t<div class=\"elementor-element elementor-element-e5de3b4 e-flex e-con-boxed e-con e-parent\" data-id=\"e5de3b4\" data-element_type=\"container\" data-e-type=\"container\" data-settings=\"{&quot;background_background&quot;:&quot;classic&quot;}\">\n\t\t\t\t\t<div class=\"e-con-inner\">\n\t\t<div class=\"elementor-element elementor-element-7fb3188 e-con-full e-flex e-con e-child\" data-id=\"7fb3188\" data-element_type=\"container\" data-e-type=\"container\">\n\t\t\t\t<div class=\"elementor-element elementor-element-8266723 elementor-widget elementor-widget-heading\" data-id=\"8266723\" data-element_type=\"widget\" data-e-type=\"widget\" data-widget_type=\"heading.default\">\n\t\t\t\t<div class=\"elementor-widget-container\">\n\t\t\t\t\t<h2 class=\"elementor-heading-title elementor-size-default\">Nos atouts<\/h2>\t\t\t\t<\/div>\n\t\t\t\t<\/div>\n\t\t<div class=\"elementor-element elementor-element-58c94c2 e-grid e-con-full e-con e-child\" data-id=\"58c94c2\" data-element_type=\"container\" data-e-type=\"container\">\n\t\t\t\t<div class=\"elementor-element elementor-element-01796ca elementor-position-inline-start elementor-view-default elementor-mobile-position-block-start elementor-widget elementor-widget-icon-box\" data-id=\"01796ca\" data-element_type=\"widget\" data-e-type=\"widget\" data-widget_type=\"icon-box.default\">\n\t\t\t\t<div class=\"elementor-widget-container\">\n\t\t\t\t\t\t\t<div class=\"elementor-icon-box-wrapper\">\n\n\t\t\t\t\t\t<div class=\"elementor-icon-box-icon\">\n\t\t\t\t<span  class=\"elementor-icon\">\n\t\t\t\t<svg aria-hidden=\"true\" class=\"e-font-icon-svg e-far-building\" viewBox=\"0 0 448 512\" xmlns=\"http:\/\/www.w3.org\/2000\/svg\"><path d=\"M128 148v-40c0-6.6 5.4-12 12-12h40c6.6 0 12 5.4 12 12v40c0 6.6-5.4 12-12 12h-40c-6.6 0-12-5.4-12-12zm140 12h40c6.6 0 12-5.4 12-12v-40c0-6.6-5.4-12-12-12h-40c-6.6 0-12 5.4-12 12v40c0 6.6 5.4 12 12 12zm-128 96h40c6.6 0 12-5.4 12-12v-40c0-6.6-5.4-12-12-12h-40c-6.6 0-12 5.4-12 12v40c0 6.6 5.4 12 12 12zm128 0h40c6.6 0 12-5.4 12-12v-40c0-6.6-5.4-12-12-12h-40c-6.6 0-12 5.4-12 12v40c0 6.6 5.4 12 12 12zm-76 84v-40c0-6.6-5.4-12-12-12h-40c-6.6 0-12 5.4-12 12v40c0 6.6 5.4 12 12 12h40c6.6 0 12-5.4 12-12zm76 12h40c6.6 0 12-5.4 12-12v-40c0-6.6-5.4-12-12-12h-40c-6.6 0-12 5.4-12 12v40c0 6.6 5.4 12 12 12zm180 124v36H0v-36c0-6.6 5.4-12 12-12h19.5V24c0-13.3 10.7-24 24-24h337c13.3 0 24 10.7 24 24v440H436c6.6 0 12 5.4 12 12zM79.5 463H192v-67c0-6.6 5.4-12 12-12h40c6.6 0 12 5.4 12 12v67h112.5V49L80 48l-.5 415z\"><\/path><\/svg>\t\t\t\t<\/span>\n\t\t\t<\/div>\n\t\t\t\n\t\t\t\t\t\t<div class=\"elementor-icon-box-content\">\n\n\t\t\t\t\t\t\t\t\t<h3 class=\"elementor-icon-box-title\">\n\t\t\t\t\t\t<span  >\n\t\t\t\t\t\t\tDisponibilit\u00e9\t\t\t\t\t\t<\/span>\n\t\t\t\t\t<\/h3>\n\t\t\t\t\n\t\t\t\t\t\t\t\t\t<p class=\"elementor-icon-box-description\">\n\t\t\t\t\t\tLarge gamme de produits disponibles\t\t\t\t\t<\/p>\n\t\t\t\t\n\t\t\t<\/div>\n\t\t\t\n\t\t<\/div>\n\t\t\t\t\t\t<\/div>\n\t\t\t\t<\/div>\n\t\t\t\t<div class=\"elementor-element elementor-element-564dc77 elementor-position-inline-start elementor-view-default elementor-mobile-position-block-start elementor-widget elementor-widget-icon-box\" data-id=\"564dc77\" data-element_type=\"widget\" data-e-type=\"widget\" data-widget_type=\"icon-box.default\">\n\t\t\t\t<div class=\"elementor-widget-container\">\n\t\t\t\t\t\t\t<div class=\"elementor-icon-box-wrapper\">\n\n\t\t\t\t\t\t<div class=\"elementor-icon-box-icon\">\n\t\t\t\t<span  class=\"elementor-icon\">\n\t\t\t\t<svg aria-hidden=\"true\" class=\"e-font-icon-svg e-fas-shipping-fast\" viewBox=\"0 0 640 512\" xmlns=\"http:\/\/www.w3.org\/2000\/svg\"><path d=\"M624 352h-16V243.9c0-12.7-5.1-24.9-14.1-33.9L494 110.1c-9-9-21.2-14.1-33.9-14.1H416V48c0-26.5-21.5-48-48-48H112C85.5 0 64 21.5 64 48v48H8c-4.4 0-8 3.6-8 8v16c0 4.4 3.6 8 8 8h272c4.4 0 8 3.6 8 8v16c0 4.4-3.6 8-8 8H40c-4.4 0-8 3.6-8 8v16c0 4.4 3.6 8 8 8h208c4.4 0 8 3.6 8 8v16c0 4.4-3.6 8-8 8H8c-4.4 0-8 3.6-8 8v16c0 4.4 3.6 8 8 8h208c4.4 0 8 3.6 8 8v16c0 4.4-3.6 8-8 8H64v128c0 53 43 96 96 96s96-43 96-96h128c0 53 43 96 96 96s96-43 96-96h48c8.8 0 16-7.2 16-16v-32c0-8.8-7.2-16-16-16zM160 464c-26.5 0-48-21.5-48-48s21.5-48 48-48 48 21.5 48 48-21.5 48-48 48zm320 0c-26.5 0-48-21.5-48-48s21.5-48 48-48 48 21.5 48 48-21.5 48-48 48zm80-208H416V144h44.1l99.9 99.9V256z\"><\/path><\/svg>\t\t\t\t<\/span>\n\t\t\t<\/div>\n\t\t\t\n\t\t\t\t\t\t<div class=\"elementor-icon-box-content\">\n\n\t\t\t\t\t\t\t\t\t<h3 class=\"elementor-icon-box-title\">\n\t\t\t\t\t\t<span  >\n\t\t\t\t\t\t\tExp\u00e9dition\t\t\t\t\t\t<\/span>\n\t\t\t\t\t<\/h3>\n\t\t\t\t\n\t\t\t\t\t\t\t\t\t<p class=\"elementor-icon-box-description\">\n\t\t\t\t\t\tLivraisons rapides et pr\u00e9cises, nationales et internationales\t\t\t\t\t<\/p>\n\t\t\t\t\n\t\t\t<\/div>\n\t\t\t\n\t\t<\/div>\n\t\t\t\t\t\t<\/div>\n\t\t\t\t<\/div>\n\t\t\t\t<div class=\"elementor-element elementor-element-8a1bd2d elementor-position-inline-start elementor-view-default elementor-mobile-position-block-start elementor-widget elementor-widget-icon-box\" data-id=\"8a1bd2d\" data-element_type=\"widget\" data-e-type=\"widget\" data-widget_type=\"icon-box.default\">\n\t\t\t\t<div class=\"elementor-widget-container\">\n\t\t\t\t\t\t\t<div class=\"elementor-icon-box-wrapper\">\n\n\t\t\t\t\t\t<div class=\"elementor-icon-box-icon\">\n\t\t\t\t<span  class=\"elementor-icon\">\n\t\t\t\t<svg aria-hidden=\"true\" class=\"e-font-icon-svg e-fas-headset\" viewBox=\"0 0 512 512\" xmlns=\"http:\/\/www.w3.org\/2000\/svg\"><path d=\"M192 208c0-17.67-14.33-32-32-32h-16c-35.35 0-64 28.65-64 64v48c0 35.35 28.65 64 64 64h16c17.67 0 32-14.33 32-32V208zm176 144c35.35 0 64-28.65 64-64v-48c0-35.35-28.65-64-64-64h-16c-17.67 0-32 14.33-32 32v112c0 17.67 14.33 32 32 32h16zM256 0C113.18 0 4.58 118.83 0 256v16c0 8.84 7.16 16 16 16h16c8.84 0 16-7.16 16-16v-16c0-114.69 93.31-208 208-208s208 93.31 208 208h-.12c.08 2.43.12 165.72.12 165.72 0 23.35-18.93 42.28-42.28 42.28H320c0-26.51-21.49-48-48-48h-32c-26.51 0-48 21.49-48 48s21.49 48 48 48h181.72c49.86 0 90.28-40.42 90.28-90.28V256C507.42 118.83 398.82 0 256 0z\"><\/path><\/svg>\t\t\t\t<\/span>\n\t\t\t<\/div>\n\t\t\t\n\t\t\t\t\t\t<div class=\"elementor-icon-box-content\">\n\n\t\t\t\t\t\t\t\t\t<h3 class=\"elementor-icon-box-title\">\n\t\t\t\t\t\t<span  >\n\t\t\t\t\t\t\tService client\t\t\t\t\t\t<\/span>\n\t\t\t\t\t<\/h3>\n\t\t\t\t\n\t\t\t\t\t\t\t\t\t<p class=\"elementor-icon-box-description\">\n\t\t\t\t\t\tUne assistance d\u00e9di\u00e9e, avant et apr\u00e8s l'achat\t\t\t\t\t<\/p>\n\t\t\t\t\n\t\t\t<\/div>\n\t\t\t\n\t\t<\/div>\n\t\t\t\t\t\t<\/div>\n\t\t\t\t<\/div>\n\t\t\t\t<\/div>\n\t\t\t\t<\/div>\n\t\t\t\t\t<\/div>\n\t\t\t\t<\/div>\n\t\t\t\t<\/div>\n\t\t","protected":false},"excerpt":{"rendered":"<p>Barfal Excellence dans les Mat\u00e9riaux, Passion dans le Service \u00c0 propos de nous Bienvenue chez BARFAL SRL, la nouvelle fronti\u00e8re de la construction l\u00e9g\u00e8re pr\u00e9fabriqu\u00e9e et en plein air. Notre entreprise est le fruit de la passion et de l&rsquo;innovation de deux jeunes professionnels, pr\u00eats \u00e0 transformer le march\u00e9 avec des solutions d&rsquo;avant-garde. Chez BARFAL [&hellip;]<\/p>\n","protected":false},"author":1,"featured_media":0,"parent":0,"menu_order":0,"comment_status":"closed","ping_status":"closed","template":"","meta":{"footnotes":""},"class_list":["post-310","page","type-page","status-publish","hentry"],"_links":{"self":[{"href":"https:\/\/barfal.it\/fr\/wp-json\/wp\/v2\/pages\/310","targetHints":{"allow":["GET"]}}],"collection":[{"href":"https:\/\/barfal.it\/fr\/wp-json\/wp\/v2\/pages"}],"about":[{"href":"https:\/\/barfal.it\/fr\/wp-json\/wp\/v2\/types\/page"}],"author":[{"embeddable":true,"href":"https:\/\/barfal.it\/fr\/wp-json\/wp\/v2\/users\/1"}],"replies":[{"embeddable":true,"href":"https:\/\/barfal.it\/fr\/wp-json\/wp\/v2\/comments?post=310"}],"version-history":[{"count":3,"href":"https:\/\/barfal.it\/fr\/wp-json\/wp\/v2\/pages\/310\/revisions"}],"predecessor-version":[{"id":1073,"href":"https:\/\/barfal.it\/fr\/wp-json\/wp\/v2\/pages\/310\/revisions\/1073"}],"wp:attachment":[{"href":"https:\/\/barfal.it\/fr\/wp-json\/wp\/v2\/media?parent=310"}],"curies":[{"name":"wp","href":"https:\/\/api.w.org\/{rel}","templated":true}]}}