{"id":318,"date":"2024-10-23T11:31:53","date_gmt":"2024-10-23T09:31:53","guid":{"rendered":"https:\/\/barfal.it\/bois-ciment\/"},"modified":"2024-11-06T12:50:42","modified_gmt":"2024-11-06T11:50:42","slug":"bois-ciment","status":"publish","type":"page","link":"https:\/\/barfal.it\/fr\/bois-ciment\/","title":{"rendered":"Bois-ciment"},"content":{"rendered":"\t\t<div data-elementor-type=\"wp-page\" data-elementor-id=\"318\" class=\"elementor elementor-318 elementor-120\" data-elementor-post-type=\"page\">\n\t\t\t\t<div class=\"elementor-element elementor-element-7fa7859 e-flex e-con-boxed e-con e-parent\" data-id=\"7fa7859\" data-element_type=\"container\" data-e-type=\"container\">\n\t\t\t\t\t<div class=\"e-con-inner\">\n\t\t<div class=\"elementor-element elementor-element-2d9e0db e-con-full e-flex e-con e-child\" data-id=\"2d9e0db\" data-element_type=\"container\" data-e-type=\"container\">\n\t\t\t\t<div class=\"elementor-element elementor-element-2ce0e4f elementor-widget elementor-widget-heading\" data-id=\"2ce0e4f\" data-element_type=\"widget\" data-e-type=\"widget\" data-widget_type=\"heading.default\">\n\t\t\t\t<div class=\"elementor-widget-container\">\n\t\t\t\t\t<h1 class=\"elementor-heading-title elementor-size-default\">Bois-ciment<\/h1>\t\t\t\t<\/div>\n\t\t\t\t<\/div>\n\t\t\t\t<div class=\"elementor-element elementor-element-7f1528f elementor-widget elementor-widget-text-editor\" data-id=\"7f1528f\" data-element_type=\"widget\" data-e-type=\"widget\" data-widget_type=\"text-editor.default\">\n\t\t\t\t<div class=\"elementor-widget-container\">\n\t\t\t\t\t\t\t\t\t<p>LARGEUR : de 400 \u00e0 1250 mm<br \/>LONGUEUR de 1200 \u00e0 3200 mm<br \/>\u00c9PAISSEUR : de 8 \u00e0 32 mm<br \/>DENSIT\u00c9 : 1200-1300 kg\/m3<br \/>Panneaux personnalis\u00e9s sur demande<\/p>\n<p>Les panneaux de particules li\u00e9es au ciment sont des panneaux de construction polyvalents dot\u00e9s d&rsquo;une surface lisse et dure qui unifient les exigences de protection contre le feu, l&rsquo;acoustique et l&rsquo;humidit\u00e9.<\/p>\n<p>Ils sont produits \u00e0 partir de copeaux de bois de conif\u00e8res et de ciment Portland en combinaison avec des substances min\u00e9ralisantes et de l&rsquo;eau. Gr\u00e2ce \u00e0 un proc\u00e9d\u00e9 sp\u00e9cial, les substances sont m\u00e9lang\u00e9es puis r\u00e9parties et \u00e9paissies sous haute pression. Apr\u00e8s conservation, maturation et acclimatation, la mise en forme a lieu. Selon la demande du client, des profils de bords, des d\u00e9coupes sp\u00e9ciales, des lissages de surfaces et des stratifications peuvent \u00eatre r\u00e9alis\u00e9s.   <\/p>\n<ul>\n<li>Ils ne contiennent pas de formald\u00e9hyde, ni de substances toxiques ou nocives d&rsquo;aucune sorte et sont r\u00e9sistants aux rongeurs, aux champignons et aux termites.<\/li>\n<li>Ils peuvent \u00eatre bien travaill\u00e9s avec des outils \u00e9quip\u00e9s de m\u00e9taux durs et\/ou de diamants (sciage, per\u00e7age, fraisage). La fixation peut se faire avec des vis, des clous, des agrafes ou de la colle. <\/li>\n<li>Ils peuvent \u00eatre utilis\u00e9s dans le secteur de la construction neuve, dans la r\u00e9novation de b\u00e2timents anciens, dans la construction industrielle, dans les b\u00e2timents commerciaux, dans la construction agricole, dans la construction de cellules et dans la construction pr\u00e9fabriqu\u00e9e.<\/li>\n<li>Ils r\u00e9sistent aux influences atmosph\u00e9riques et au gel, \u00e0 l&rsquo;effritement et aux d\u00e9jections animales ainsi qu&rsquo;aux nettoyants chimiques dans les \u00e9tables.<\/li>\n<\/ul>\n<p>Ils peuvent tr\u00e8s bien \u00eatre utilis\u00e9s pour :<\/p>\n<ul>\n<li>Rev\u00eatement de fa\u00e7ade<\/li>\n<li>Construction de charpentes en bois<\/li>\n<li>Sols<\/li>\n<li>Murs et plafonds int\u00e9rieurs<\/li>\n<li>Cloisons de s\u00e9paration avec constructions de support<\/li>\n<li>Rev\u00eatements de pi\u00e8ces humides<\/li>\n<li>Constructions de protection incendie<\/li>\n<li>Constructions de protection acoustique<\/li>\n<li>Syst\u00e8mes de construction rev\u00eatus de bois adh\u00e9rents<\/li>\n<li>B\u00e2timents sportifs (s\u00e9curit\u00e9 des jets de balle)<\/li>\n<\/ul>\n<p>Composition des dalles ciment-bois (A2-s1,d0) :<\/p>\n<ul>\n<li>environ 70\/75% de copeaux de bois<\/li>\n<li>environ 20\/25% de ciment sp\u00e9cial<\/li>\n<li>environ 10\/15% d&rsquo;eau dans le bois<\/li>\n<li>environ 2\/5% de liant<\/li>\n<\/ul>\n\t\t\t\t\t\t\t\t<\/div>\n\t\t\t\t<\/div>\n\t\t\t\t<\/div>\n\t\t<div class=\"elementor-element elementor-element-c0133d2 e-con-full e-flex e-con e-child\" data-id=\"c0133d2\" data-element_type=\"container\" data-e-type=\"container\">\n\t\t\t\t<div class=\"elementor-element elementor-element-befd6e0 elementor-widget elementor-widget-gallery\" data-id=\"befd6e0\" data-element_type=\"widget\" data-e-type=\"widget\" data-settings=\"{&quot;columns&quot;:2,&quot;gallery_layout&quot;:&quot;grid&quot;,&quot;columns_tablet&quot;:2,&quot;columns_mobile&quot;:1,&quot;gap&quot;:{&quot;unit&quot;:&quot;px&quot;,&quot;size&quot;:10,&quot;sizes&quot;:[]},&quot;gap_tablet&quot;:{&quot;unit&quot;:&quot;px&quot;,&quot;size&quot;:10,&quot;sizes&quot;:[]},&quot;gap_mobile&quot;:{&quot;unit&quot;:&quot;px&quot;,&quot;size&quot;:10,&quot;sizes&quot;:[]},&quot;link_to&quot;:&quot;file&quot;,&quot;aspect_ratio&quot;:&quot;3:2&quot;,&quot;overlay_background&quot;:&quot;yes&quot;,&quot;content_hover_animation&quot;:&quot;fade-in&quot;}\" data-widget_type=\"gallery.default\">\n\t\t\t\t<div class=\"elementor-widget-container\">\n\t\t\t\t\t\t\t<div class=\"elementor-gallery__container\">\n\t\t\t\t\t\t\t<a class=\"e-gallery-item elementor-gallery-item elementor-animated-content\" href=\"https:\/\/barfal.it\/wp-content\/uploads\/2024\/11\/Legnocemento-1.jpg\" data-elementor-open-lightbox=\"yes\" data-elementor-lightbox-slideshow=\"befd6e0\" data-elementor-lightbox-title=\"Legnocemento\" data-e-action-hash=\"#elementor-action%3Aaction%3Dlightbox%26settings%3DeyJpZCI6NzczLCJ1cmwiOiJodHRwczpcL1wvYmFyZmFsLml0XC93cC1jb250ZW50XC91cGxvYWRzXC8yMDI0XC8xMVwvTGVnbm9jZW1lbnRvLTEuanBnIiwic2xpZGVzaG93IjoiYmVmZDZlMCJ9\">\n\t\t\t\t\t<div class=\"e-gallery-image elementor-gallery-item__image\" data-thumbnail=\"https:\/\/barfal.it\/wp-content\/uploads\/2024\/11\/Legnocemento-1.jpg\" data-width=\"1920\" data-height=\"1280\" aria-label=\"\" role=\"img\" ><\/div>\n\t\t\t\t\t\t\t\t\t\t\t<div class=\"elementor-gallery-item__overlay\"><\/div>\n\t\t\t\t\t\t\t\t\t\t\t\t\t\t<\/a>\n\t\t\t\t\t\t\t<a class=\"e-gallery-item elementor-gallery-item elementor-animated-content\" href=\"https:\/\/barfal.it\/wp-content\/uploads\/2024\/11\/Legnocemento-3.jpg\" data-elementor-open-lightbox=\"yes\" data-elementor-lightbox-slideshow=\"befd6e0\" data-elementor-lightbox-title=\"Legnocemento\" data-e-action-hash=\"#elementor-action%3Aaction%3Dlightbox%26settings%3DeyJpZCI6Nzc5LCJ1cmwiOiJodHRwczpcL1wvYmFyZmFsLml0XC93cC1jb250ZW50XC91cGxvYWRzXC8yMDI0XC8xMVwvTGVnbm9jZW1lbnRvLTMuanBnIiwic2xpZGVzaG93IjoiYmVmZDZlMCJ9\">\n\t\t\t\t\t<div class=\"e-gallery-image elementor-gallery-item__image\" data-thumbnail=\"https:\/\/barfal.it\/wp-content\/uploads\/2024\/11\/Legnocemento-3.jpg\" data-width=\"1920\" data-height=\"1280\" aria-label=\"\" role=\"img\" ><\/div>\n\t\t\t\t\t\t\t\t\t\t\t<div class=\"elementor-gallery-item__overlay\"><\/div>\n\t\t\t\t\t\t\t\t\t\t\t\t\t\t<\/a>\n\t\t\t\t\t\t\t<a class=\"e-gallery-item elementor-gallery-item elementor-animated-content\" href=\"https:\/\/barfal.it\/wp-content\/uploads\/2024\/11\/Legnocemento-5.jpg\" data-elementor-open-lightbox=\"yes\" data-elementor-lightbox-slideshow=\"befd6e0\" data-elementor-lightbox-title=\"Legnocemento\" data-e-action-hash=\"#elementor-action%3Aaction%3Dlightbox%26settings%3DeyJpZCI6Nzg1LCJ1cmwiOiJodHRwczpcL1wvYmFyZmFsLml0XC93cC1jb250ZW50XC91cGxvYWRzXC8yMDI0XC8xMVwvTGVnbm9jZW1lbnRvLTUuanBnIiwic2xpZGVzaG93IjoiYmVmZDZlMCJ9\">\n\t\t\t\t\t<div class=\"e-gallery-image elementor-gallery-item__image\" data-thumbnail=\"https:\/\/barfal.it\/wp-content\/uploads\/2024\/11\/Legnocemento-5.jpg\" data-width=\"1920\" data-height=\"1280\" aria-label=\"\" role=\"img\" ><\/div>\n\t\t\t\t\t\t\t\t\t\t\t<div class=\"elementor-gallery-item__overlay\"><\/div>\n\t\t\t\t\t\t\t\t\t\t\t\t\t\t<\/a>\n\t\t\t\t\t\t\t<a class=\"e-gallery-item elementor-gallery-item elementor-animated-content\" href=\"https:\/\/barfal.it\/wp-content\/uploads\/2024\/11\/Legnocemento-6.jpg\" data-elementor-open-lightbox=\"yes\" data-elementor-lightbox-slideshow=\"befd6e0\" data-elementor-lightbox-title=\"Legnocemento\" data-e-action-hash=\"#elementor-action%3Aaction%3Dlightbox%26settings%3DeyJpZCI6Nzg4LCJ1cmwiOiJodHRwczpcL1wvYmFyZmFsLml0XC93cC1jb250ZW50XC91cGxvYWRzXC8yMDI0XC8xMVwvTGVnbm9jZW1lbnRvLTYuanBnIiwic2xpZGVzaG93IjoiYmVmZDZlMCJ9\">\n\t\t\t\t\t<div class=\"e-gallery-image elementor-gallery-item__image\" data-thumbnail=\"https:\/\/barfal.it\/wp-content\/uploads\/2024\/11\/Legnocemento-6.jpg\" data-width=\"1920\" data-height=\"1280\" aria-label=\"\" role=\"img\" ><\/div>\n\t\t\t\t\t\t\t\t\t\t\t<div class=\"elementor-gallery-item__overlay\"><\/div>\n\t\t\t\t\t\t\t\t\t\t\t\t\t\t<\/a>\n\t\t\t\t\t\t\t<a class=\"e-gallery-item elementor-gallery-item elementor-animated-content\" href=\"https:\/\/barfal.it\/wp-content\/uploads\/2024\/11\/Legnocemento-7.jpg\" data-elementor-open-lightbox=\"yes\" data-elementor-lightbox-slideshow=\"befd6e0\" data-elementor-lightbox-title=\"Legnocemento\" data-e-action-hash=\"#elementor-action%3Aaction%3Dlightbox%26settings%3DeyJpZCI6NzkxLCJ1cmwiOiJodHRwczpcL1wvYmFyZmFsLml0XC93cC1jb250ZW50XC91cGxvYWRzXC8yMDI0XC8xMVwvTGVnbm9jZW1lbnRvLTcuanBnIiwic2xpZGVzaG93IjoiYmVmZDZlMCJ9\">\n\t\t\t\t\t<div class=\"e-gallery-image elementor-gallery-item__image\" data-thumbnail=\"https:\/\/barfal.it\/wp-content\/uploads\/2024\/11\/Legnocemento-7.jpg\" data-width=\"1920\" data-height=\"1280\" aria-label=\"\" role=\"img\" ><\/div>\n\t\t\t\t\t\t\t\t\t\t\t<div class=\"elementor-gallery-item__overlay\"><\/div>\n\t\t\t\t\t\t\t\t\t\t\t\t\t\t<\/a>\n\t\t\t\t\t\t\t<a class=\"e-gallery-item elementor-gallery-item elementor-animated-content\" href=\"https:\/\/barfal.it\/wp-content\/uploads\/2024\/11\/Legnocemento-9.jpg\" data-elementor-open-lightbox=\"yes\" data-elementor-lightbox-slideshow=\"befd6e0\" data-elementor-lightbox-title=\"Legnocemento\" data-e-action-hash=\"#elementor-action%3Aaction%3Dlightbox%26settings%3DeyJpZCI6Nzk3LCJ1cmwiOiJodHRwczpcL1wvYmFyZmFsLml0XC93cC1jb250ZW50XC91cGxvYWRzXC8yMDI0XC8xMVwvTGVnbm9jZW1lbnRvLTkuanBnIiwic2xpZGVzaG93IjoiYmVmZDZlMCJ9\">\n\t\t\t\t\t<div class=\"e-gallery-image elementor-gallery-item__image\" data-thumbnail=\"https:\/\/barfal.it\/wp-content\/uploads\/2024\/11\/Legnocemento-9.jpg\" data-width=\"1920\" data-height=\"1280\" aria-label=\"\" role=\"img\" ><\/div>\n\t\t\t\t\t\t\t\t\t\t\t<div class=\"elementor-gallery-item__overlay\"><\/div>\n\t\t\t\t\t\t\t\t\t\t\t\t\t\t<\/a>\n\t\t\t\t\t\t\t<a class=\"e-gallery-item elementor-gallery-item elementor-animated-content\" href=\"https:\/\/barfal.it\/wp-content\/uploads\/2024\/11\/Legnocemento-10.jpg\" data-elementor-open-lightbox=\"yes\" data-elementor-lightbox-slideshow=\"befd6e0\" data-elementor-lightbox-title=\"Legnocemento\" data-e-action-hash=\"#elementor-action%3Aaction%3Dlightbox%26settings%3DeyJpZCI6ODAwLCJ1cmwiOiJodHRwczpcL1wvYmFyZmFsLml0XC93cC1jb250ZW50XC91cGxvYWRzXC8yMDI0XC8xMVwvTGVnbm9jZW1lbnRvLTEwLmpwZyIsInNsaWRlc2hvdyI6ImJlZmQ2ZTAifQ%3D%3D\">\n\t\t\t\t\t<div class=\"e-gallery-image elementor-gallery-item__image\" data-thumbnail=\"https:\/\/barfal.it\/wp-content\/uploads\/2024\/11\/Legnocemento-10.jpg\" data-width=\"1920\" data-height=\"1280\" aria-label=\"\" role=\"img\" ><\/div>\n\t\t\t\t\t\t\t\t\t\t\t<div class=\"elementor-gallery-item__overlay\"><\/div>\n\t\t\t\t\t\t\t\t\t\t\t\t\t\t<\/a>\n\t\t\t\t\t\t\t<a class=\"e-gallery-item elementor-gallery-item elementor-animated-content\" href=\"https:\/\/barfal.it\/wp-content\/uploads\/2024\/11\/Legnocemento-11.jpg\" data-elementor-open-lightbox=\"yes\" data-elementor-lightbox-slideshow=\"befd6e0\" data-elementor-lightbox-title=\"Legnocemento\" data-e-action-hash=\"#elementor-action%3Aaction%3Dlightbox%26settings%3DeyJpZCI6ODAzLCJ1cmwiOiJodHRwczpcL1wvYmFyZmFsLml0XC93cC1jb250ZW50XC91cGxvYWRzXC8yMDI0XC8xMVwvTGVnbm9jZW1lbnRvLTExLmpwZyIsInNsaWRlc2hvdyI6ImJlZmQ2ZTAifQ%3D%3D\">\n\t\t\t\t\t<div class=\"e-gallery-image elementor-gallery-item__image\" data-thumbnail=\"https:\/\/barfal.it\/wp-content\/uploads\/2024\/11\/Legnocemento-11.jpg\" data-width=\"1920\" data-height=\"1280\" aria-label=\"\" role=\"img\" ><\/div>\n\t\t\t\t\t\t\t\t\t\t\t<div class=\"elementor-gallery-item__overlay\"><\/div>\n\t\t\t\t\t\t\t\t\t\t\t\t\t\t<\/a>\n\t\t\t\t\t\t\t<a class=\"e-gallery-item elementor-gallery-item elementor-animated-content\" href=\"https:\/\/barfal.it\/wp-content\/uploads\/2024\/11\/Legnocemento-12.jpg\" data-elementor-open-lightbox=\"yes\" data-elementor-lightbox-slideshow=\"befd6e0\" data-elementor-lightbox-title=\"Legnocemento\" data-e-action-hash=\"#elementor-action%3Aaction%3Dlightbox%26settings%3DeyJpZCI6ODA2LCJ1cmwiOiJodHRwczpcL1wvYmFyZmFsLml0XC93cC1jb250ZW50XC91cGxvYWRzXC8yMDI0XC8xMVwvTGVnbm9jZW1lbnRvLTEyLmpwZyIsInNsaWRlc2hvdyI6ImJlZmQ2ZTAifQ%3D%3D\">\n\t\t\t\t\t<div class=\"e-gallery-image elementor-gallery-item__image\" data-thumbnail=\"https:\/\/barfal.it\/wp-content\/uploads\/2024\/11\/Legnocemento-12.jpg\" data-width=\"1920\" data-height=\"1280\" aria-label=\"\" role=\"img\" ><\/div>\n\t\t\t\t\t\t\t\t\t\t\t<div class=\"elementor-gallery-item__overlay\"><\/div>\n\t\t\t\t\t\t\t\t\t\t\t\t\t\t<\/a>\n\t\t\t\t\t\t\t<a class=\"e-gallery-item elementor-gallery-item elementor-animated-content\" href=\"https:\/\/barfal.it\/wp-content\/uploads\/2024\/11\/Legnocemento-13.jpg\" data-elementor-open-lightbox=\"yes\" data-elementor-lightbox-slideshow=\"befd6e0\" data-elementor-lightbox-title=\"Legnocemento\" data-e-action-hash=\"#elementor-action%3Aaction%3Dlightbox%26settings%3DeyJpZCI6ODA5LCJ1cmwiOiJodHRwczpcL1wvYmFyZmFsLml0XC93cC1jb250ZW50XC91cGxvYWRzXC8yMDI0XC8xMVwvTGVnbm9jZW1lbnRvLTEzLmpwZyIsInNsaWRlc2hvdyI6ImJlZmQ2ZTAifQ%3D%3D\">\n\t\t\t\t\t<div class=\"e-gallery-image elementor-gallery-item__image\" data-thumbnail=\"https:\/\/barfal.it\/wp-content\/uploads\/2024\/11\/Legnocemento-13.jpg\" data-width=\"1920\" data-height=\"1280\" aria-label=\"\" role=\"img\" ><\/div>\n\t\t\t\t\t\t\t\t\t\t\t<div class=\"elementor-gallery-item__overlay\"><\/div>\n\t\t\t\t\t\t\t\t\t\t\t\t\t\t<\/a>\n\t\t\t\t\t\t\t<a class=\"e-gallery-item elementor-gallery-item elementor-animated-content\" href=\"https:\/\/barfal.it\/wp-content\/uploads\/2024\/11\/Legnocemento-14.jpg\" data-elementor-open-lightbox=\"yes\" data-elementor-lightbox-slideshow=\"befd6e0\" data-elementor-lightbox-title=\"Legnocemento\" data-e-action-hash=\"#elementor-action%3Aaction%3Dlightbox%26settings%3DeyJpZCI6ODEyLCJ1cmwiOiJodHRwczpcL1wvYmFyZmFsLml0XC93cC1jb250ZW50XC91cGxvYWRzXC8yMDI0XC8xMVwvTGVnbm9jZW1lbnRvLTE0LmpwZyIsInNsaWRlc2hvdyI6ImJlZmQ2ZTAifQ%3D%3D\">\n\t\t\t\t\t<div class=\"e-gallery-image elementor-gallery-item__image\" data-thumbnail=\"https:\/\/barfal.it\/wp-content\/uploads\/2024\/11\/Legnocemento-14.jpg\" data-width=\"1920\" data-height=\"1280\" aria-label=\"\" role=\"img\" ><\/div>\n\t\t\t\t\t\t\t\t\t\t\t<div class=\"elementor-gallery-item__overlay\"><\/div>\n\t\t\t\t\t\t\t\t\t\t\t\t\t\t<\/a>\n\t\t\t\t\t<\/div>\n\t\t\t\t\t<\/div>\n\t\t\t\t<\/div>\n\t\t\t\t<\/div>\n\t\t\t\t\t<\/div>\n\t\t\t\t<\/div>\n\t\t\t\t<\/div>\n\t\t","protected":false},"excerpt":{"rendered":"<p>LARGEUR : de 400 \u00e0 1250 mmLONGUEUR de 1200 \u00e0 3200 mm\u00c9PAISSEUR : de 8 \u00e0 32 mmDENSIT\u00c9 : 1200-1300 kg\/m3Panneaux personnalis\u00e9s sur demande Les panneaux de particules li\u00e9es au ciment sont des panneaux de construction polyvalents dot\u00e9s d&rsquo;une surface lisse et dure qui unifient les exigences de protection contre le feu, l&rsquo;acoustique et l&rsquo;humidit\u00e9. [&hellip;]<\/p>\n","protected":false},"author":1,"featured_media":0,"parent":0,"menu_order":0,"comment_status":"closed","ping_status":"closed","template":"","meta":{"footnotes":""},"class_list":["post-318","page","type-page","status-publish","hentry"],"_links":{"self":[{"href":"https:\/\/barfal.it\/fr\/wp-json\/wp\/v2\/pages\/318","targetHints":{"allow":["GET"]}}],"collection":[{"href":"https:\/\/barfal.it\/fr\/wp-json\/wp\/v2\/pages"}],"about":[{"href":"https:\/\/barfal.it\/fr\/wp-json\/wp\/v2\/types\/page"}],"author":[{"embeddable":true,"href":"https:\/\/barfal.it\/fr\/wp-json\/wp\/v2\/users\/1"}],"replies":[{"embeddable":true,"href":"https:\/\/barfal.it\/fr\/wp-json\/wp\/v2\/comments?post=318"}],"version-history":[{"count":3,"href":"https:\/\/barfal.it\/fr\/wp-json\/wp\/v2\/pages\/318\/revisions"}],"predecessor-version":[{"id":822,"href":"https:\/\/barfal.it\/fr\/wp-json\/wp\/v2\/pages\/318\/revisions\/822"}],"wp:attachment":[{"href":"https:\/\/barfal.it\/fr\/wp-json\/wp\/v2\/media?parent=318"}],"curies":[{"name":"wp","href":"https:\/\/api.w.org\/{rel}","templated":true}]}}