{"id":322,"date":"2024-10-23T11:36:03","date_gmt":"2024-10-23T09:36:03","guid":{"rendered":"https:\/\/barfal.it\/multicouches\/"},"modified":"2024-11-07T12:40:42","modified_gmt":"2024-11-07T11:40:42","slug":"multicouches","status":"publish","type":"page","link":"https:\/\/barfal.it\/fr\/multicouches\/","title":{"rendered":"Multicouches"},"content":{"rendered":"\t\t<div data-elementor-type=\"wp-page\" data-elementor-id=\"322\" class=\"elementor elementor-322 elementor-144\" data-elementor-post-type=\"page\">\n\t\t\t\t<div class=\"elementor-element elementor-element-de2c80c e-flex e-con-boxed e-con e-parent\" data-id=\"de2c80c\" data-element_type=\"container\" data-e-type=\"container\">\n\t\t\t\t\t<div class=\"e-con-inner\">\n\t\t<div class=\"elementor-element elementor-element-d6904c3 e-con-full e-flex e-con e-child\" data-id=\"d6904c3\" data-element_type=\"container\" data-e-type=\"container\">\n\t\t\t\t<div class=\"elementor-element elementor-element-3902546 elementor-widget elementor-widget-heading\" data-id=\"3902546\" data-element_type=\"widget\" data-e-type=\"widget\" data-widget_type=\"heading.default\">\n\t\t\t\t<div class=\"elementor-widget-container\">\n\t\t\t\t\t<h1 class=\"elementor-heading-title elementor-size-default\">Multicouches<\/h1>\t\t\t\t<\/div>\n\t\t\t\t<\/div>\n\t\t\t\t<div class=\"elementor-element elementor-element-25c7af9 elementor-widget elementor-widget-text-editor\" data-id=\"25c7af9\" data-element_type=\"widget\" data-e-type=\"widget\" data-widget_type=\"text-editor.default\">\n\t\t\t\t<div class=\"elementor-widget-container\">\n\t\t\t\t\t\t\t\t\t<p>LARGEUR : de 1220 \u00e0 1525 mm<br \/>LONGUEUR de 2500 \u00e0 12000 mm<br \/>\u00c9PAISSEUR : de 10 \u00e0 30 mm<br \/>DENSIT\u00c9 : 450-600 kg\/m3<br \/>Panneaux personnalis\u00e9s sur demande<\/p>\n<p>Le <strong>contreplaqu\u00e9 marin<\/strong>, comme les autres contreplaqu\u00e9s, est vendu en panneaux d&rsquo;\u00e9paisseurs de 3 \u00e0 50 mm et de formats vari\u00e9s. Le bois qui compose le panneau est principalement d&rsquo;origine africaine (ex : l&rsquo;okoum\u00e9) ou d&rsquo;Europe de l&rsquo;Est (bouleau) voire am\u00e9ricaine (ex : le pin du Chili). <\/p>\n<p>Pour rendre tous ces panneaux r\u00e9sistants \u00e0 l&rsquo;eau, une <strong>colle ph\u00e9nolique<\/strong> est utilis\u00e9e qui rend les panneaux imperm\u00e9ables.<\/p>\n<p>Outre les diff\u00e9rents types d&rsquo;essences, la performance d\u00e9coule \u00e9galement de l&rsquo;utilisation de colles hydror\u00e9sistantes pour assembler les diff\u00e9rentes couches de bois.<\/p>\n<p><strong>Avantages du contreplaqu\u00e9 marin<\/strong><\/p>\n<p>Le premier grand avantage est certainement la <strong>r\u00e9sistance \u00e0 l&rsquo;eau<\/strong>, qui rend ce panneau id\u00e9al pour une utilisation dans les environnements humides o\u00f9 le contreplaqu\u00e9 \u00ab\u00a0standard\u00a0\u00bb ne pourrait pas \u00eatre utilis\u00e9 sans pourrir.<\/p>\n<p>Tout comme les panneaux contreplaqu\u00e9s \u00ab standards \u00bb, il reste facilement ouvrable aussi bien avec des outils manuels qu&rsquo;avec des machines (y compris \u00e0 commande num\u00e9rique).<\/p>\n<p>Un autre point en faveur du contreplaqu\u00e9 marin est sa <strong>r\u00e9sistance \u00e0 la salinit\u00e9<\/strong>, avec ce mat\u00e9riau il y a certainement plus de r\u00e9sistance qu&rsquo;en utilisant un panneau de peuplier&#8230;<\/p>\n<p><strong>Inconv\u00e9nients du contreplaqu\u00e9 marin<\/strong><\/p>\n<p>Malheureusement, le type de traitement et les colles utilis\u00e9es <strong>affectent<\/strong> non seulement la qualit\u00e9 du panneau multicouche, mais <strong>\u00e9galement son prix<\/strong>. Cependant, le co\u00fbt est sup\u00e9rieur aux avantages et \u00e0 la qualit\u00e9. <\/p>\n\t\t\t\t\t\t\t\t<\/div>\n\t\t\t\t<\/div>\n\t\t\t\t<\/div>\n\t\t<div class=\"elementor-element elementor-element-ddeebb8 e-con-full e-flex e-con e-child\" data-id=\"ddeebb8\" data-element_type=\"container\" data-e-type=\"container\">\n\t\t\t\t<div class=\"elementor-element elementor-element-f54cbc1 elementor-widget elementor-widget-gallery\" data-id=\"f54cbc1\" data-element_type=\"widget\" data-e-type=\"widget\" data-settings=\"{&quot;columns&quot;:2,&quot;gallery_layout&quot;:&quot;grid&quot;,&quot;columns_tablet&quot;:2,&quot;columns_mobile&quot;:1,&quot;gap&quot;:{&quot;unit&quot;:&quot;px&quot;,&quot;size&quot;:10,&quot;sizes&quot;:[]},&quot;gap_tablet&quot;:{&quot;unit&quot;:&quot;px&quot;,&quot;size&quot;:10,&quot;sizes&quot;:[]},&quot;gap_mobile&quot;:{&quot;unit&quot;:&quot;px&quot;,&quot;size&quot;:10,&quot;sizes&quot;:[]},&quot;link_to&quot;:&quot;file&quot;,&quot;aspect_ratio&quot;:&quot;3:2&quot;,&quot;overlay_background&quot;:&quot;yes&quot;,&quot;content_hover_animation&quot;:&quot;fade-in&quot;}\" data-widget_type=\"gallery.default\">\n\t\t\t\t<div class=\"elementor-widget-container\">\n\t\t\t\t\t\t\t<div class=\"elementor-gallery__container\">\n\t\t\t\t\t\t\t<a class=\"e-gallery-item elementor-gallery-item elementor-animated-content\" href=\"https:\/\/barfal.it\/wp-content\/uploads\/2024\/11\/Multistrati-1.jpg\" data-elementor-open-lightbox=\"yes\" data-elementor-lightbox-slideshow=\"f54cbc1\" data-elementor-lightbox-title=\"Multistrati\" data-e-action-hash=\"#elementor-action%3Aaction%3Dlightbox%26settings%3DeyJpZCI6OTUyLCJ1cmwiOiJodHRwczpcL1wvYmFyZmFsLml0XC93cC1jb250ZW50XC91cGxvYWRzXC8yMDI0XC8xMVwvTXVsdGlzdHJhdGktMS5qcGciLCJzbGlkZXNob3ciOiJmNTRjYmMxIn0%3D\">\n\t\t\t\t\t<div class=\"e-gallery-image elementor-gallery-item__image\" data-thumbnail=\"https:\/\/barfal.it\/wp-content\/uploads\/2024\/11\/Multistrati-1.jpg\" data-width=\"1920\" data-height=\"1560\" aria-label=\"\" role=\"img\" ><\/div>\n\t\t\t\t\t\t\t\t\t\t\t<div class=\"elementor-gallery-item__overlay\"><\/div>\n\t\t\t\t\t\t\t\t\t\t\t\t\t\t<\/a>\n\t\t\t\t\t\t\t<a class=\"e-gallery-item elementor-gallery-item elementor-animated-content\" href=\"https:\/\/barfal.it\/wp-content\/uploads\/2024\/11\/Multistrati-2.jpg\" data-elementor-open-lightbox=\"yes\" data-elementor-lightbox-slideshow=\"f54cbc1\" data-elementor-lightbox-title=\"Multistrati\" data-e-action-hash=\"#elementor-action%3Aaction%3Dlightbox%26settings%3DeyJpZCI6OTU1LCJ1cmwiOiJodHRwczpcL1wvYmFyZmFsLml0XC93cC1jb250ZW50XC91cGxvYWRzXC8yMDI0XC8xMVwvTXVsdGlzdHJhdGktMi5qcGciLCJzbGlkZXNob3ciOiJmNTRjYmMxIn0%3D\">\n\t\t\t\t\t<div class=\"e-gallery-image elementor-gallery-item__image\" data-thumbnail=\"https:\/\/barfal.it\/wp-content\/uploads\/2024\/11\/Multistrati-2.jpg\" data-width=\"1920\" data-height=\"1218\" aria-label=\"\" role=\"img\" ><\/div>\n\t\t\t\t\t\t\t\t\t\t\t<div class=\"elementor-gallery-item__overlay\"><\/div>\n\t\t\t\t\t\t\t\t\t\t\t\t\t\t<\/a>\n\t\t\t\t\t\t\t<a class=\"e-gallery-item elementor-gallery-item elementor-animated-content\" href=\"https:\/\/barfal.it\/wp-content\/uploads\/2024\/11\/Multistrati-3.jpg\" data-elementor-open-lightbox=\"yes\" data-elementor-lightbox-slideshow=\"f54cbc1\" data-elementor-lightbox-title=\"Multistrati\" data-e-action-hash=\"#elementor-action%3Aaction%3Dlightbox%26settings%3DeyJpZCI6OTU4LCJ1cmwiOiJodHRwczpcL1wvYmFyZmFsLml0XC93cC1jb250ZW50XC91cGxvYWRzXC8yMDI0XC8xMVwvTXVsdGlzdHJhdGktMy5qcGciLCJzbGlkZXNob3ciOiJmNTRjYmMxIn0%3D\">\n\t\t\t\t\t<div class=\"e-gallery-image elementor-gallery-item__image\" data-thumbnail=\"https:\/\/barfal.it\/wp-content\/uploads\/2024\/11\/Multistrati-3.jpg\" data-width=\"1920\" data-height=\"1280\" aria-label=\"\" role=\"img\" ><\/div>\n\t\t\t\t\t\t\t\t\t\t\t<div class=\"elementor-gallery-item__overlay\"><\/div>\n\t\t\t\t\t\t\t\t\t\t\t\t\t\t<\/a>\n\t\t\t\t\t\t\t<a class=\"e-gallery-item elementor-gallery-item elementor-animated-content\" href=\"https:\/\/barfal.it\/wp-content\/uploads\/2024\/11\/Multistrati-4.jpg\" data-elementor-open-lightbox=\"yes\" data-elementor-lightbox-slideshow=\"f54cbc1\" data-elementor-lightbox-title=\"Multistrati\" data-e-action-hash=\"#elementor-action%3Aaction%3Dlightbox%26settings%3DeyJpZCI6MTAwNSwidXJsIjoiaHR0cHM6XC9cL2JhcmZhbC5pdFwvd3AtY29udGVudFwvdXBsb2Fkc1wvMjAyNFwvMTFcL011bHRpc3RyYXRpLTQuanBnIiwic2xpZGVzaG93IjoiZjU0Y2JjMSJ9\">\n\t\t\t\t\t<div class=\"e-gallery-image elementor-gallery-item__image\" data-thumbnail=\"https:\/\/barfal.it\/wp-content\/uploads\/2024\/11\/Multistrati-4.jpg\" data-width=\"1920\" data-height=\"1280\" aria-label=\"\" role=\"img\" ><\/div>\n\t\t\t\t\t\t\t\t\t\t\t<div class=\"elementor-gallery-item__overlay\"><\/div>\n\t\t\t\t\t\t\t\t\t\t\t\t\t\t<\/a>\n\t\t\t\t\t<\/div>\n\t\t\t\t\t<\/div>\n\t\t\t\t<\/div>\n\t\t\t\t<\/div>\n\t\t\t\t\t<\/div>\n\t\t\t\t<\/div>\n\t\t\t\t<\/div>\n\t\t","protected":false},"excerpt":{"rendered":"<p>LARGEUR : de 1220 \u00e0 1525 mmLONGUEUR de 2500 \u00e0 12000 mm\u00c9PAISSEUR : de 10 \u00e0 30 mmDENSIT\u00c9 : 450-600 kg\/m3Panneaux personnalis\u00e9s sur demande Le contreplaqu\u00e9 marin, comme les autres contreplaqu\u00e9s, est vendu en panneaux d&rsquo;\u00e9paisseurs de 3 \u00e0 50 mm et de formats vari\u00e9s. Le bois qui compose le panneau est principalement d&rsquo;origine africaine [&hellip;]<\/p>\n","protected":false},"author":1,"featured_media":0,"parent":0,"menu_order":0,"comment_status":"closed","ping_status":"closed","template":"","meta":{"footnotes":""},"class_list":["post-322","page","type-page","status-publish","hentry"],"_links":{"self":[{"href":"https:\/\/barfal.it\/fr\/wp-json\/wp\/v2\/pages\/322","targetHints":{"allow":["GET"]}}],"collection":[{"href":"https:\/\/barfal.it\/fr\/wp-json\/wp\/v2\/pages"}],"about":[{"href":"https:\/\/barfal.it\/fr\/wp-json\/wp\/v2\/types\/page"}],"author":[{"embeddable":true,"href":"https:\/\/barfal.it\/fr\/wp-json\/wp\/v2\/users\/1"}],"replies":[{"embeddable":true,"href":"https:\/\/barfal.it\/fr\/wp-json\/wp\/v2\/comments?post=322"}],"version-history":[{"count":3,"href":"https:\/\/barfal.it\/fr\/wp-json\/wp\/v2\/pages\/322\/revisions"}],"predecessor-version":[{"id":1012,"href":"https:\/\/barfal.it\/fr\/wp-json\/wp\/v2\/pages\/322\/revisions\/1012"}],"wp:attachment":[{"href":"https:\/\/barfal.it\/fr\/wp-json\/wp\/v2\/media?parent=322"}],"curies":[{"name":"wp","href":"https:\/\/api.w.org\/{rel}","templated":true}]}}