{"id":326,"date":"2024-10-23T11:37:17","date_gmt":"2024-10-23T09:37:17","guid":{"rendered":"https:\/\/barfal.it\/pvc-en-rouleaux\/"},"modified":"2024-11-06T15:24:45","modified_gmt":"2024-11-06T14:24:45","slug":"pvc-en-rouleaux","status":"publish","type":"page","link":"https:\/\/barfal.it\/fr\/pvc-en-rouleaux\/","title":{"rendered":"PVC en rouleaux"},"content":{"rendered":"\t\t<div data-elementor-type=\"wp-page\" data-elementor-id=\"326\" class=\"elementor elementor-326 elementor-153\" data-elementor-post-type=\"page\">\n\t\t\t\t<div class=\"elementor-element elementor-element-924bc2d e-flex e-con-boxed e-con e-parent\" data-id=\"924bc2d\" data-element_type=\"container\" data-e-type=\"container\">\n\t\t\t\t\t<div class=\"e-con-inner\">\n\t\t<div class=\"elementor-element elementor-element-fe7c7e7 e-con-full e-flex e-con e-child\" data-id=\"fe7c7e7\" data-element_type=\"container\" data-e-type=\"container\">\n\t\t\t\t<div class=\"elementor-element elementor-element-a936ff8 elementor-widget elementor-widget-heading\" data-id=\"a936ff8\" data-element_type=\"widget\" data-e-type=\"widget\" data-widget_type=\"heading.default\">\n\t\t\t\t<div class=\"elementor-widget-container\">\n\t\t\t\t\t<h1 class=\"elementor-heading-title elementor-size-default\">PVC en rouleaux<\/h1>\t\t\t\t<\/div>\n\t\t\t\t<\/div>\n\t\t\t\t<div class=\"elementor-element elementor-element-b123f3c elementor-widget elementor-widget-text-editor\" data-id=\"b123f3c\" data-element_type=\"widget\" data-e-type=\"widget\" data-widget_type=\"text-editor.default\">\n\t\t\t\t<div class=\"elementor-widget-container\">\n\t\t\t\t\t\t\t\t\t<p>FINITIONS: diverses<br \/>\u00c9PAISSEUR : 1,2 \u00e0 3,0 mm<br \/>LARGEUR : 2000\/2200\/2400\/2500\/3000 mm<br \/>LONGUEUR : de 20 \u00e0 35 m\u00e8tres par rouleau<br \/>USURE : 0,2 \u00e0 0,7 mm<br \/>Rouleaux personnalis\u00e9s sur demande<\/p>\n<p>Un sol en vinyle est compos\u00e9 de plusieurs couches de mat\u00e9riaux diff\u00e9rents qui, une fois coupl\u00e9es, forment une surface stable, r\u00e9sistante et durable. Les deux principaux types de rev\u00eatements de sol en vinyle sont le LVT et le vinyle en rouleau. Les deux sont fabriqu\u00e9s avec les m\u00eames mat\u00e9riaux, mais ce qui change, c&rsquo;est leur structure de construction. Apprenez-en davantage sur la composition des rev\u00eatements de sol LVT et des rouleaux de vinyle.   <\/p>\n<p>Les sols en vinyle en rouleau sont des surfaces avec support en fibre de verre r\u00e9alis\u00e9es en format rouleau, dans un large choix de couleurs et de designs adapt\u00e9s \u00e0 tous les styles : du plus classique au plus original et cr\u00e9atif. Les rouleaux de vinyle garantissent une solution flexible, r\u00e9sistante et durable ; ils sont \u00e9galement <strong>100 % sans phtalates et produisent de faibles \u00e9missions de COV<\/strong>, contribuant ainsi \u00e0 cr\u00e9er des environnements int\u00e9rieurs sains et confortables. <\/p>\n\t\t\t\t\t\t\t\t<\/div>\n\t\t\t\t<\/div>\n\t\t\t\t<\/div>\n\t\t<div class=\"elementor-element elementor-element-48648aa e-con-full e-flex e-con e-child\" data-id=\"48648aa\" data-element_type=\"container\" data-e-type=\"container\">\n\t\t\t\t<div class=\"elementor-element elementor-element-b035309 elementor-widget elementor-widget-gallery\" data-id=\"b035309\" data-element_type=\"widget\" data-e-type=\"widget\" data-settings=\"{&quot;columns&quot;:2,&quot;gallery_layout&quot;:&quot;grid&quot;,&quot;columns_tablet&quot;:2,&quot;columns_mobile&quot;:1,&quot;gap&quot;:{&quot;unit&quot;:&quot;px&quot;,&quot;size&quot;:10,&quot;sizes&quot;:[]},&quot;gap_tablet&quot;:{&quot;unit&quot;:&quot;px&quot;,&quot;size&quot;:10,&quot;sizes&quot;:[]},&quot;gap_mobile&quot;:{&quot;unit&quot;:&quot;px&quot;,&quot;size&quot;:10,&quot;sizes&quot;:[]},&quot;link_to&quot;:&quot;file&quot;,&quot;aspect_ratio&quot;:&quot;3:2&quot;,&quot;overlay_background&quot;:&quot;yes&quot;,&quot;content_hover_animation&quot;:&quot;fade-in&quot;}\" data-widget_type=\"gallery.default\">\n\t\t\t\t<div class=\"elementor-widget-container\">\n\t\t\t\t\t\t\t<div class=\"elementor-gallery__container\">\n\t\t\t\t\t\t\t<a class=\"e-gallery-item elementor-gallery-item elementor-animated-content\" href=\"https:\/\/barfal.it\/wp-content\/uploads\/2024\/11\/PVC-1.jpg\" data-elementor-open-lightbox=\"yes\" data-elementor-lightbox-slideshow=\"b035309\" data-elementor-lightbox-title=\"PVC\" data-e-action-hash=\"#elementor-action%3Aaction%3Dlightbox%26settings%3DeyJpZCI6ODg1LCJ1cmwiOiJodHRwczpcL1wvYmFyZmFsLml0XC93cC1jb250ZW50XC91cGxvYWRzXC8yMDI0XC8xMVwvUFZDLTEuanBnIiwic2xpZGVzaG93IjoiYjAzNTMwOSJ9\">\n\t\t\t\t\t<div class=\"e-gallery-image elementor-gallery-item__image\" data-thumbnail=\"https:\/\/barfal.it\/wp-content\/uploads\/2024\/11\/PVC-1.jpg\" data-width=\"1920\" data-height=\"1280\" aria-label=\"\" role=\"img\" ><\/div>\n\t\t\t\t\t\t\t\t\t\t\t<div class=\"elementor-gallery-item__overlay\"><\/div>\n\t\t\t\t\t\t\t\t\t\t\t\t\t\t<\/a>\n\t\t\t\t\t\t\t<a class=\"e-gallery-item elementor-gallery-item elementor-animated-content\" href=\"https:\/\/barfal.it\/wp-content\/uploads\/2024\/11\/PVC-3.jpg\" data-elementor-open-lightbox=\"yes\" data-elementor-lightbox-slideshow=\"b035309\" data-elementor-lightbox-title=\"PVC\" data-e-action-hash=\"#elementor-action%3Aaction%3Dlightbox%26settings%3DeyJpZCI6ODkxLCJ1cmwiOiJodHRwczpcL1wvYmFyZmFsLml0XC93cC1jb250ZW50XC91cGxvYWRzXC8yMDI0XC8xMVwvUFZDLTMuanBnIiwic2xpZGVzaG93IjoiYjAzNTMwOSJ9\">\n\t\t\t\t\t<div class=\"e-gallery-image elementor-gallery-item__image\" data-thumbnail=\"https:\/\/barfal.it\/wp-content\/uploads\/2024\/11\/PVC-3.jpg\" data-width=\"1920\" data-height=\"1280\" aria-label=\"\" role=\"img\" ><\/div>\n\t\t\t\t\t\t\t\t\t\t\t<div class=\"elementor-gallery-item__overlay\"><\/div>\n\t\t\t\t\t\t\t\t\t\t\t\t\t\t<\/a>\n\t\t\t\t\t\t\t<a class=\"e-gallery-item elementor-gallery-item elementor-animated-content\" href=\"https:\/\/barfal.it\/wp-content\/uploads\/2024\/11\/PVC-4.jpg\" data-elementor-open-lightbox=\"yes\" data-elementor-lightbox-slideshow=\"b035309\" data-elementor-lightbox-title=\"PVC\" data-e-action-hash=\"#elementor-action%3Aaction%3Dlightbox%26settings%3DeyJpZCI6ODk0LCJ1cmwiOiJodHRwczpcL1wvYmFyZmFsLml0XC93cC1jb250ZW50XC91cGxvYWRzXC8yMDI0XC8xMVwvUFZDLTQuanBnIiwic2xpZGVzaG93IjoiYjAzNTMwOSJ9\">\n\t\t\t\t\t<div class=\"e-gallery-image elementor-gallery-item__image\" data-thumbnail=\"https:\/\/barfal.it\/wp-content\/uploads\/2024\/11\/PVC-4.jpg\" data-width=\"1920\" data-height=\"1280\" aria-label=\"\" role=\"img\" ><\/div>\n\t\t\t\t\t\t\t\t\t\t\t<div class=\"elementor-gallery-item__overlay\"><\/div>\n\t\t\t\t\t\t\t\t\t\t\t\t\t\t<\/a>\n\t\t\t\t\t\t\t<a class=\"e-gallery-item elementor-gallery-item elementor-animated-content\" href=\"https:\/\/barfal.it\/wp-content\/uploads\/2024\/11\/PVC-5.jpg\" data-elementor-open-lightbox=\"yes\" data-elementor-lightbox-slideshow=\"b035309\" data-elementor-lightbox-title=\"PVC\" data-e-action-hash=\"#elementor-action%3Aaction%3Dlightbox%26settings%3DeyJpZCI6ODk3LCJ1cmwiOiJodHRwczpcL1wvYmFyZmFsLml0XC93cC1jb250ZW50XC91cGxvYWRzXC8yMDI0XC8xMVwvUFZDLTUuanBnIiwic2xpZGVzaG93IjoiYjAzNTMwOSJ9\">\n\t\t\t\t\t<div class=\"e-gallery-image elementor-gallery-item__image\" data-thumbnail=\"https:\/\/barfal.it\/wp-content\/uploads\/2024\/11\/PVC-5.jpg\" data-width=\"1920\" data-height=\"1280\" aria-label=\"\" role=\"img\" ><\/div>\n\t\t\t\t\t\t\t\t\t\t\t<div class=\"elementor-gallery-item__overlay\"><\/div>\n\t\t\t\t\t\t\t\t\t\t\t\t\t\t<\/a>\n\t\t\t\t\t\t\t<a class=\"e-gallery-item elementor-gallery-item elementor-animated-content\" href=\"https:\/\/barfal.it\/wp-content\/uploads\/2024\/11\/PVC-6.jpg\" data-elementor-open-lightbox=\"yes\" data-elementor-lightbox-slideshow=\"b035309\" data-elementor-lightbox-title=\"PVC\" data-e-action-hash=\"#elementor-action%3Aaction%3Dlightbox%26settings%3DeyJpZCI6OTAwLCJ1cmwiOiJodHRwczpcL1wvYmFyZmFsLml0XC93cC1jb250ZW50XC91cGxvYWRzXC8yMDI0XC8xMVwvUFZDLTYuanBnIiwic2xpZGVzaG93IjoiYjAzNTMwOSJ9\">\n\t\t\t\t\t<div class=\"e-gallery-image elementor-gallery-item__image\" data-thumbnail=\"https:\/\/barfal.it\/wp-content\/uploads\/2024\/11\/PVC-6.jpg\" data-width=\"1920\" data-height=\"1280\" aria-label=\"\" role=\"img\" ><\/div>\n\t\t\t\t\t\t\t\t\t\t\t<div class=\"elementor-gallery-item__overlay\"><\/div>\n\t\t\t\t\t\t\t\t\t\t\t\t\t\t<\/a>\n\t\t\t\t\t\t\t<a class=\"e-gallery-item elementor-gallery-item elementor-animated-content\" href=\"https:\/\/barfal.it\/wp-content\/uploads\/2024\/11\/PVC-7.jpg\" data-elementor-open-lightbox=\"yes\" data-elementor-lightbox-slideshow=\"b035309\" data-elementor-lightbox-title=\"PVC\" data-e-action-hash=\"#elementor-action%3Aaction%3Dlightbox%26settings%3DeyJpZCI6OTAzLCJ1cmwiOiJodHRwczpcL1wvYmFyZmFsLml0XC93cC1jb250ZW50XC91cGxvYWRzXC8yMDI0XC8xMVwvUFZDLTcuanBnIiwic2xpZGVzaG93IjoiYjAzNTMwOSJ9\">\n\t\t\t\t\t<div class=\"e-gallery-image elementor-gallery-item__image\" data-thumbnail=\"https:\/\/barfal.it\/wp-content\/uploads\/2024\/11\/PVC-7.jpg\" data-width=\"1920\" data-height=\"1280\" aria-label=\"\" role=\"img\" ><\/div>\n\t\t\t\t\t\t\t\t\t\t\t<div class=\"elementor-gallery-item__overlay\"><\/div>\n\t\t\t\t\t\t\t\t\t\t\t\t\t\t<\/a>\n\t\t\t\t\t\t\t<a class=\"e-gallery-item elementor-gallery-item elementor-animated-content\" href=\"https:\/\/barfal.it\/wp-content\/uploads\/2024\/11\/PVC-9.jpg\" data-elementor-open-lightbox=\"yes\" data-elementor-lightbox-slideshow=\"b035309\" data-elementor-lightbox-title=\"PVC\" data-e-action-hash=\"#elementor-action%3Aaction%3Dlightbox%26settings%3DeyJpZCI6OTA5LCJ1cmwiOiJodHRwczpcL1wvYmFyZmFsLml0XC93cC1jb250ZW50XC91cGxvYWRzXC8yMDI0XC8xMVwvUFZDLTkuanBnIiwic2xpZGVzaG93IjoiYjAzNTMwOSJ9\">\n\t\t\t\t\t<div class=\"e-gallery-image elementor-gallery-item__image\" data-thumbnail=\"https:\/\/barfal.it\/wp-content\/uploads\/2024\/11\/PVC-9.jpg\" data-width=\"1920\" data-height=\"1280\" aria-label=\"\" role=\"img\" ><\/div>\n\t\t\t\t\t\t\t\t\t\t\t<div class=\"elementor-gallery-item__overlay\"><\/div>\n\t\t\t\t\t\t\t\t\t\t\t\t\t\t<\/a>\n\t\t\t\t\t\t\t<a class=\"e-gallery-item elementor-gallery-item elementor-animated-content\" href=\"https:\/\/barfal.it\/wp-content\/uploads\/2024\/11\/PVC-11.jpg\" data-elementor-open-lightbox=\"yes\" data-elementor-lightbox-slideshow=\"b035309\" data-elementor-lightbox-title=\"PVC\" data-e-action-hash=\"#elementor-action%3Aaction%3Dlightbox%26settings%3DeyJpZCI6OTE1LCJ1cmwiOiJodHRwczpcL1wvYmFyZmFsLml0XC93cC1jb250ZW50XC91cGxvYWRzXC8yMDI0XC8xMVwvUFZDLTExLmpwZyIsInNsaWRlc2hvdyI6ImIwMzUzMDkifQ%3D%3D\">\n\t\t\t\t\t<div class=\"e-gallery-image elementor-gallery-item__image\" data-thumbnail=\"https:\/\/barfal.it\/wp-content\/uploads\/2024\/11\/PVC-11.jpg\" data-width=\"1920\" data-height=\"1280\" aria-label=\"\" role=\"img\" ><\/div>\n\t\t\t\t\t\t\t\t\t\t\t<div class=\"elementor-gallery-item__overlay\"><\/div>\n\t\t\t\t\t\t\t\t\t\t\t\t\t\t<\/a>\n\t\t\t\t\t<\/div>\n\t\t\t\t\t<\/div>\n\t\t\t\t<\/div>\n\t\t\t\t<\/div>\n\t\t\t\t\t<\/div>\n\t\t\t\t<\/div>\n\t\t\t\t<\/div>\n\t\t","protected":false},"excerpt":{"rendered":"<p>FINITIONS: diverses\u00c9PAISSEUR : 1,2 \u00e0 3,0 mmLARGEUR : 2000\/2200\/2400\/2500\/3000 mmLONGUEUR : de 20 \u00e0 35 m\u00e8tres par rouleauUSURE : 0,2 \u00e0 0,7 mmRouleaux personnalis\u00e9s sur demande Un sol en vinyle est compos\u00e9 de plusieurs couches de mat\u00e9riaux diff\u00e9rents qui, une fois coupl\u00e9es, forment une surface stable, r\u00e9sistante et durable. Les deux principaux types de rev\u00eatements [&hellip;]<\/p>\n","protected":false},"author":1,"featured_media":0,"parent":0,"menu_order":0,"comment_status":"closed","ping_status":"closed","template":"","meta":{"footnotes":""},"class_list":["post-326","page","type-page","status-publish","hentry"],"_links":{"self":[{"href":"https:\/\/barfal.it\/fr\/wp-json\/wp\/v2\/pages\/326","targetHints":{"allow":["GET"]}}],"collection":[{"href":"https:\/\/barfal.it\/fr\/wp-json\/wp\/v2\/pages"}],"about":[{"href":"https:\/\/barfal.it\/fr\/wp-json\/wp\/v2\/types\/page"}],"author":[{"embeddable":true,"href":"https:\/\/barfal.it\/fr\/wp-json\/wp\/v2\/users\/1"}],"replies":[{"embeddable":true,"href":"https:\/\/barfal.it\/fr\/wp-json\/wp\/v2\/comments?post=326"}],"version-history":[{"count":3,"href":"https:\/\/barfal.it\/fr\/wp-json\/wp\/v2\/pages\/326\/revisions"}],"predecessor-version":[{"id":922,"href":"https:\/\/barfal.it\/fr\/wp-json\/wp\/v2\/pages\/326\/revisions\/922"}],"wp:attachment":[{"href":"https:\/\/barfal.it\/fr\/wp-json\/wp\/v2\/media?parent=326"}],"curies":[{"name":"wp","href":"https:\/\/api.w.org\/{rel}","templated":true}]}}