{"id":330,"date":"2024-10-23T11:24:58","date_gmt":"2024-10-23T09:24:58","guid":{"rendered":"https:\/\/barfal.it\/panneaux-de-particules-bruts\/"},"modified":"2024-11-06T15:13:47","modified_gmt":"2024-11-06T14:13:47","slug":"panneaux-de-particules-bruts","status":"publish","type":"page","link":"https:\/\/barfal.it\/fr\/panneaux-de-particules-bruts\/","title":{"rendered":"Panneaux de particules bruts"},"content":{"rendered":"\t\t<div data-elementor-type=\"wp-page\" data-elementor-id=\"330\" class=\"elementor elementor-330 elementor-101\" data-elementor-post-type=\"page\">\n\t\t\t\t<div class=\"elementor-element elementor-element-1cf99f8 e-flex e-con-boxed e-con e-parent\" data-id=\"1cf99f8\" data-element_type=\"container\" data-e-type=\"container\">\n\t\t\t\t\t<div class=\"e-con-inner\">\n\t\t<div class=\"elementor-element elementor-element-331c91f e-con-full e-flex e-con e-child\" data-id=\"331c91f\" data-element_type=\"container\" data-e-type=\"container\">\n\t\t\t\t<div class=\"elementor-element elementor-element-db60e74 elementor-widget elementor-widget-heading\" data-id=\"db60e74\" data-element_type=\"widget\" data-e-type=\"widget\" data-widget_type=\"heading.default\">\n\t\t\t\t<div class=\"elementor-widget-container\">\n\t\t\t\t\t<h1 class=\"elementor-heading-title elementor-size-default\">Panneaux de particules bruts<\/h1>\t\t\t\t<\/div>\n\t\t\t\t<\/div>\n\t\t\t\t<div class=\"elementor-element elementor-element-53b2059 elementor-widget elementor-widget-text-editor\" data-id=\"53b2059\" data-element_type=\"widget\" data-e-type=\"widget\" data-widget_type=\"text-editor.default\">\n\t\t\t\t<div class=\"elementor-widget-container\">\n\t\t\t\t\t\t\t\t\t<p>LARGEUR : de 1860 \u00e0 2440 mm<br \/>LONGUEUR de 2800 \u00e0 6000 mm<br \/>\u00c9PAISSEUR : de 13 \u00e0 50 mm<br \/>DENSIT\u00c9 : 700-750 kg\/m3<br \/>Panneaux personnalis\u00e9s sur demande<\/p>\n<p>L&rsquo;agglom\u00e9r\u00e9 est un panneau \u00e0 base de bois, tel que d\u00e9fini dans la norme EN 309, produit sous pression<br \/>avec de la chaleur et des colles, au moyen de particules de bois appel\u00e9es copeaux ou autre mat\u00e9riau bois ou cellulosique<br \/>forme des particules.<\/p>\n<p>La norme europ\u00e9enne EN 312 classe ce type de panneau en diff\u00e9rentes cat\u00e9gories :<\/p>\n<ul>\n<li>P1 \u2013 P2, pour usage interne comme composant non structurel en milieu sec (P2 est normalement commercialis\u00e9) ;<\/li>\n<li>P3 \u2013 P5 \u2013 P7, pour usage interne comme composant non structurel en milieu humide ;<\/li>\n<li>P4, pour usage interne comme \u00e9l\u00e9ment structurel en milieu sec ;<\/li>\n<li>P5 \u2013 P7, pour usage interne comme \u00e9l\u00e9ment structurel en milieu humide ;<\/li>\n<\/ul>\n<p>L&rsquo;usage non structurel correspond \u00e0 l&rsquo;usage destin\u00e9 par exemple \u00e0 la production de<br \/>composants pour meubles ou articles d&rsquo;ameublement.<\/p>\n<p>L&rsquo;expression \u00ab \u00e9l\u00e9ment structurel \u00bb fait r\u00e9f\u00e9rence \u00e0 l&rsquo;utilisation du panneau dans des conditions porteuses.<br \/>dans le cadre d&rsquo;un b\u00e2timent ou d&rsquo;une autre construction.<\/p>\n\t\t\t\t\t\t\t\t<\/div>\n\t\t\t\t<\/div>\n\t\t\t\t<\/div>\n\t\t<div class=\"elementor-element elementor-element-b6d6f33 e-con-full e-flex e-con e-child\" data-id=\"b6d6f33\" data-element_type=\"container\" data-e-type=\"container\">\n\t\t\t\t<div class=\"elementor-element elementor-element-545c876 elementor-widget elementor-widget-gallery\" data-id=\"545c876\" data-element_type=\"widget\" data-e-type=\"widget\" data-settings=\"{&quot;columns&quot;:2,&quot;gallery_layout&quot;:&quot;grid&quot;,&quot;columns_tablet&quot;:2,&quot;columns_mobile&quot;:1,&quot;gap&quot;:{&quot;unit&quot;:&quot;px&quot;,&quot;size&quot;:10,&quot;sizes&quot;:[]},&quot;gap_tablet&quot;:{&quot;unit&quot;:&quot;px&quot;,&quot;size&quot;:10,&quot;sizes&quot;:[]},&quot;gap_mobile&quot;:{&quot;unit&quot;:&quot;px&quot;,&quot;size&quot;:10,&quot;sizes&quot;:[]},&quot;link_to&quot;:&quot;file&quot;,&quot;aspect_ratio&quot;:&quot;3:2&quot;,&quot;overlay_background&quot;:&quot;yes&quot;,&quot;content_hover_animation&quot;:&quot;fade-in&quot;}\" data-widget_type=\"gallery.default\">\n\t\t\t\t<div class=\"elementor-widget-container\">\n\t\t\t\t\t\t\t<div class=\"elementor-gallery__container\">\n\t\t\t\t\t\t\t<a class=\"e-gallery-item elementor-gallery-item elementor-animated-content\" href=\"https:\/\/barfal.it\/wp-content\/uploads\/2024\/11\/Truciolare-Grezzo-1.jpg\" data-elementor-open-lightbox=\"yes\" data-elementor-lightbox-slideshow=\"545c876\" data-elementor-lightbox-title=\"Truciolare Grezzo\" data-e-action-hash=\"#elementor-action%3Aaction%3Dlightbox%26settings%3DeyJpZCI6NzIyLCJ1cmwiOiJodHRwczpcL1wvYmFyZmFsLml0XC93cC1jb250ZW50XC91cGxvYWRzXC8yMDI0XC8xMVwvVHJ1Y2lvbGFyZS1HcmV6em8tMS5qcGciLCJzbGlkZXNob3ciOiI1NDVjODc2In0%3D\">\n\t\t\t\t\t<div class=\"e-gallery-image elementor-gallery-item__image\" data-thumbnail=\"https:\/\/barfal.it\/wp-content\/uploads\/2024\/11\/Truciolare-Grezzo-1.jpg\" data-width=\"1920\" data-height=\"1280\" aria-label=\"\" role=\"img\" ><\/div>\n\t\t\t\t\t\t\t\t\t\t\t<div class=\"elementor-gallery-item__overlay\"><\/div>\n\t\t\t\t\t\t\t\t\t\t\t\t\t\t<\/a>\n\t\t\t\t\t\t\t<a class=\"e-gallery-item elementor-gallery-item elementor-animated-content\" href=\"https:\/\/barfal.it\/wp-content\/uploads\/2024\/11\/Truciolare-Grezzo-2.jpg\" data-elementor-open-lightbox=\"yes\" data-elementor-lightbox-slideshow=\"545c876\" data-elementor-lightbox-title=\"Truciolare Grezzo\" data-e-action-hash=\"#elementor-action%3Aaction%3Dlightbox%26settings%3DeyJpZCI6NzI1LCJ1cmwiOiJodHRwczpcL1wvYmFyZmFsLml0XC93cC1jb250ZW50XC91cGxvYWRzXC8yMDI0XC8xMVwvVHJ1Y2lvbGFyZS1HcmV6em8tMi5qcGciLCJzbGlkZXNob3ciOiI1NDVjODc2In0%3D\">\n\t\t\t\t\t<div class=\"e-gallery-image elementor-gallery-item__image\" data-thumbnail=\"https:\/\/barfal.it\/wp-content\/uploads\/2024\/11\/Truciolare-Grezzo-2.jpg\" data-width=\"1920\" data-height=\"1280\" aria-label=\"\" role=\"img\" ><\/div>\n\t\t\t\t\t\t\t\t\t\t\t<div class=\"elementor-gallery-item__overlay\"><\/div>\n\t\t\t\t\t\t\t\t\t\t\t\t\t\t<\/a>\n\t\t\t\t\t\t\t<a class=\"e-gallery-item elementor-gallery-item elementor-animated-content\" href=\"https:\/\/barfal.it\/wp-content\/uploads\/2024\/11\/Truciolare-Grezzo-3.jpg\" data-elementor-open-lightbox=\"yes\" data-elementor-lightbox-slideshow=\"545c876\" data-elementor-lightbox-title=\"Truciolare Grezzo\" data-e-action-hash=\"#elementor-action%3Aaction%3Dlightbox%26settings%3DeyJpZCI6NzI4LCJ1cmwiOiJodHRwczpcL1wvYmFyZmFsLml0XC93cC1jb250ZW50XC91cGxvYWRzXC8yMDI0XC8xMVwvVHJ1Y2lvbGFyZS1HcmV6em8tMy5qcGciLCJzbGlkZXNob3ciOiI1NDVjODc2In0%3D\">\n\t\t\t\t\t<div class=\"e-gallery-image elementor-gallery-item__image\" data-thumbnail=\"https:\/\/barfal.it\/wp-content\/uploads\/2024\/11\/Truciolare-Grezzo-3.jpg\" data-width=\"1920\" data-height=\"1280\" aria-label=\"\" role=\"img\" ><\/div>\n\t\t\t\t\t\t\t\t\t\t\t<div class=\"elementor-gallery-item__overlay\"><\/div>\n\t\t\t\t\t\t\t\t\t\t\t\t\t\t<\/a>\n\t\t\t\t\t\t\t<a class=\"e-gallery-item elementor-gallery-item elementor-animated-content\" href=\"https:\/\/barfal.it\/wp-content\/uploads\/2024\/11\/Truciolare-Grezzo-4.jpg\" data-elementor-open-lightbox=\"yes\" data-elementor-lightbox-slideshow=\"545c876\" data-elementor-lightbox-title=\"Truciolare Grezzo\" data-e-action-hash=\"#elementor-action%3Aaction%3Dlightbox%26settings%3DeyJpZCI6NzMxLCJ1cmwiOiJodHRwczpcL1wvYmFyZmFsLml0XC93cC1jb250ZW50XC91cGxvYWRzXC8yMDI0XC8xMVwvVHJ1Y2lvbGFyZS1HcmV6em8tNC5qcGciLCJzbGlkZXNob3ciOiI1NDVjODc2In0%3D\">\n\t\t\t\t\t<div class=\"e-gallery-image elementor-gallery-item__image\" data-thumbnail=\"https:\/\/barfal.it\/wp-content\/uploads\/2024\/11\/Truciolare-Grezzo-4.jpg\" data-width=\"1920\" data-height=\"1280\" aria-label=\"\" role=\"img\" ><\/div>\n\t\t\t\t\t\t\t\t\t\t\t<div class=\"elementor-gallery-item__overlay\"><\/div>\n\t\t\t\t\t\t\t\t\t\t\t\t\t\t<\/a>\n\t\t\t\t\t\t\t<a class=\"e-gallery-item elementor-gallery-item elementor-animated-content\" href=\"https:\/\/barfal.it\/wp-content\/uploads\/2024\/11\/Truciolare-Grezzo-5.jpg\" data-elementor-open-lightbox=\"yes\" data-elementor-lightbox-slideshow=\"545c876\" data-elementor-lightbox-title=\"Truciolare Grezzo\" data-e-action-hash=\"#elementor-action%3Aaction%3Dlightbox%26settings%3DeyJpZCI6NzM0LCJ1cmwiOiJodHRwczpcL1wvYmFyZmFsLml0XC93cC1jb250ZW50XC91cGxvYWRzXC8yMDI0XC8xMVwvVHJ1Y2lvbGFyZS1HcmV6em8tNS5qcGciLCJzbGlkZXNob3ciOiI1NDVjODc2In0%3D\">\n\t\t\t\t\t<div class=\"e-gallery-image elementor-gallery-item__image\" data-thumbnail=\"https:\/\/barfal.it\/wp-content\/uploads\/2024\/11\/Truciolare-Grezzo-5.jpg\" data-width=\"1920\" data-height=\"1280\" aria-label=\"\" role=\"img\" ><\/div>\n\t\t\t\t\t\t\t\t\t\t\t<div class=\"elementor-gallery-item__overlay\"><\/div>\n\t\t\t\t\t\t\t\t\t\t\t\t\t\t<\/a>\n\t\t\t\t\t\t\t<a class=\"e-gallery-item elementor-gallery-item elementor-animated-content\" href=\"https:\/\/barfal.it\/wp-content\/uploads\/2024\/11\/Truciolare-Grezzo-6.jpg\" data-elementor-open-lightbox=\"yes\" data-elementor-lightbox-slideshow=\"545c876\" data-elementor-lightbox-title=\"Truciolare Grezzo\" data-e-action-hash=\"#elementor-action%3Aaction%3Dlightbox%26settings%3DeyJpZCI6NzM3LCJ1cmwiOiJodHRwczpcL1wvYmFyZmFsLml0XC93cC1jb250ZW50XC91cGxvYWRzXC8yMDI0XC8xMVwvVHJ1Y2lvbGFyZS1HcmV6em8tNi5qcGciLCJzbGlkZXNob3ciOiI1NDVjODc2In0%3D\">\n\t\t\t\t\t<div class=\"e-gallery-image elementor-gallery-item__image\" data-thumbnail=\"https:\/\/barfal.it\/wp-content\/uploads\/2024\/11\/Truciolare-Grezzo-6.jpg\" data-width=\"1920\" data-height=\"1280\" aria-label=\"\" role=\"img\" ><\/div>\n\t\t\t\t\t\t\t\t\t\t\t<div class=\"elementor-gallery-item__overlay\"><\/div>\n\t\t\t\t\t\t\t\t\t\t\t\t\t\t<\/a>\n\t\t\t\t\t<\/div>\n\t\t\t\t\t<\/div>\n\t\t\t\t<\/div>\n\t\t\t\t<\/div>\n\t\t\t\t\t<\/div>\n\t\t\t\t<\/div>\n\t\t\t\t<\/div>\n\t\t","protected":false},"excerpt":{"rendered":"<p>LARGEUR : de 1860 \u00e0 2440 mmLONGUEUR de 2800 \u00e0 6000 mm\u00c9PAISSEUR : de 13 \u00e0 50 mmDENSIT\u00c9 : 700-750 kg\/m3Panneaux personnalis\u00e9s sur demande L&rsquo;agglom\u00e9r\u00e9 est un panneau \u00e0 base de bois, tel que d\u00e9fini dans la norme EN 309, produit sous pressionavec de la chaleur et des colles, au moyen de particules de bois [&hellip;]<\/p>\n","protected":false},"author":1,"featured_media":0,"parent":0,"menu_order":0,"comment_status":"closed","ping_status":"closed","template":"","meta":{"footnotes":""},"class_list":["post-330","page","type-page","status-publish","hentry"],"_links":{"self":[{"href":"https:\/\/barfal.it\/fr\/wp-json\/wp\/v2\/pages\/330","targetHints":{"allow":["GET"]}}],"collection":[{"href":"https:\/\/barfal.it\/fr\/wp-json\/wp\/v2\/pages"}],"about":[{"href":"https:\/\/barfal.it\/fr\/wp-json\/wp\/v2\/types\/page"}],"author":[{"embeddable":true,"href":"https:\/\/barfal.it\/fr\/wp-json\/wp\/v2\/users\/1"}],"replies":[{"embeddable":true,"href":"https:\/\/barfal.it\/fr\/wp-json\/wp\/v2\/comments?post=330"}],"version-history":[{"count":3,"href":"https:\/\/barfal.it\/fr\/wp-json\/wp\/v2\/pages\/330\/revisions"}],"predecessor-version":[{"id":873,"href":"https:\/\/barfal.it\/fr\/wp-json\/wp\/v2\/pages\/330\/revisions\/873"}],"wp:attachment":[{"href":"https:\/\/barfal.it\/fr\/wp-json\/wp\/v2\/media?parent=330"}],"curies":[{"name":"wp","href":"https:\/\/api.w.org\/{rel}","templated":true}]}}